{"id":258372,"date":"2024-11-06T17:12:28","date_gmt":"2024-11-06T16:12:28","guid":{"rendered":"https:\/\/www.naturadiet.com\/?post_type=product&#038;p=258372"},"modified":"2024-12-05T11:24:37","modified_gmt":"2024-12-05T10:24:37","slug":"grain-free-duck-sweet-potato-2","status":"publish","type":"product","link":"https:\/\/www.naturadiet.com\/fr\/nourriture-naturelle-pour-chien\/grain-free-duck-sweet-potato-mini\/","title":{"rendered":"Grain Free Duck &#038; Sweet Potato Mini"},"content":{"rendered":"<p>Aliment complet, \u00e0 base d\u2019ingr\u00e9dients naturels (de vitamines et de min\u00e9raux ajout\u00e9s), biologiquement adapt\u00e9 aux r\u00e9els besoins des chiens adultes de petite taille.<\/p>\n","protected":false},"excerpt":{"rendered":"<p>Aliment complet, \u00e0 base d\u2019ingr\u00e9dients naturels (de vitamines et de min\u00e9raux ajout\u00e9s), biologiquement adapt\u00e9 aux r\u00e9els besoins des chiens adultes de petite taille.<\/p>\n","protected":false},"featured_media":258385,"comment_status":"open","ping_status":"closed","template":"","meta":{"_acf_changed":false},"product_cat":[80],"product_tag":[],"class_list":{"0":"post-258372","1":"product","2":"type-product","3":"status-publish","4":"has-post-thumbnail","6":"beneficios-anti-age-cellulaire","7":"beneficios-antioxidantes-fr","8":"beneficios-croqueta-pequena-fr","9":"beneficios-alta-digestibilidad-fr","10":"beneficios-hipoalergenico-fr","11":"beneficios-prebiotiques-fr","12":"product_cat-nourriture-naturelle-pour-chien","14":"first","15":"instock","16":"shipping-taxable","17":"product-type-simple"},"acf":[],"yoast_head":"<!-- This site is optimized with the Yoast SEO plugin v23.7 - https:\/\/yoast.com\/wordpress\/plugins\/seo\/ -->\n<title>Grain Free Duck &amp; Sweet Potato Mini - Natura Diet<\/title>\n<meta name=\"robots\" content=\"index, follow, max-snippet:-1, max-image-preview:large, max-video-preview:-1\" \/>\n<link rel=\"canonical\" href=\"https:\/\/www.naturadiet.com\/fr\/nourriture-naturelle-pour-chien\/grain-free-duck-sweet-potato-mini\/\" \/>\n<meta property=\"og:locale\" content=\"fr_FR\" \/>\n<meta property=\"og:type\" content=\"article\" \/>\n<meta property=\"og:title\" content=\"Grain Free Duck &amp; Sweet Potato Mini - Natura Diet\" \/>\n<meta property=\"og:description\" content=\"Aliment complet, \u00e0 base d\u2019ingr\u00e9dients naturels (de vitamines et de min\u00e9raux ajout\u00e9s), biologiquement adapt\u00e9 aux r\u00e9els besoins des chiens adultes de petite taille.\" \/>\n<meta property=\"og:url\" content=\"https:\/\/www.naturadiet.com\/fr\/nourriture-naturelle-pour-chien\/grain-free-duck-sweet-potato-mini\/\" \/>\n<meta property=\"og:site_name\" content=\"Natura Diet\" \/>\n<meta property=\"article:modified_time\" content=\"2024-12-05T10:24:37+00:00\" \/>\n<meta property=\"og:image\" content=\"https:\/\/www.naturadiet.com\/wp-content\/uploads\/2024\/11\/Grain-Free-Duck-3kg-mini.png\" \/>\n\t<meta property=\"og:image:width\" content=\"800\" \/>\n\t<meta property=\"og:image:height\" content=\"800\" \/>\n\t<meta property=\"og:image:type\" content=\"image\/png\" \/>\n<meta name=\"twitter:card\" content=\"summary_large_image\" \/>\n<meta name=\"twitter:label1\" content=\"Dur\u00e9e de lecture estim\u00e9e\" \/>\n\t<meta name=\"twitter:data1\" content=\"1 minute\" \/>\n<script type=\"application\/ld+json\" class=\"yoast-schema-graph\">{\"@context\":\"https:\/\/schema.org\",\"@graph\":[{\"@type\":\"WebPage\",\"@id\":\"https:\/\/www.naturadiet.com\/fr\/nourriture-naturelle-pour-chien\/grain-free-duck-sweet-potato-mini\/\",\"url\":\"https:\/\/www.naturadiet.com\/fr\/nourriture-naturelle-pour-chien\/grain-free-duck-sweet-potato-mini\/\",\"name\":\"Grain Free Duck & Sweet Potato Mini - Natura Diet\",\"isPartOf\":{\"@id\":\"https:\/\/www.naturadiet.com\/fr\/#website\"},\"primaryImageOfPage\":{\"@id\":\"https:\/\/www.naturadiet.com\/fr\/nourriture-naturelle-pour-chien\/grain-free-duck-sweet-potato-mini\/#primaryimage\"},\"image\":{\"@id\":\"https:\/\/www.naturadiet.com\/fr\/nourriture-naturelle-pour-chien\/grain-free-duck-sweet-potato-mini\/#primaryimage\"},\"thumbnailUrl\":\"https:\/\/www.naturadiet.com\/wp-content\/uploads\/2024\/11\/Grain-Free-Duck-3kg-mini-.png\",\"datePublished\":\"2024-11-06T16:12:28+00:00\",\"dateModified\":\"2024-12-05T10:24:37+00:00\",\"breadcrumb\":{\"@id\":\"https:\/\/www.naturadiet.com\/fr\/nourriture-naturelle-pour-chien\/grain-free-duck-sweet-potato-mini\/#breadcrumb\"},\"inLanguage\":\"fr-FR\",\"potentialAction\":[{\"@type\":\"ReadAction\",\"target\":[\"https:\/\/www.naturadiet.com\/fr\/nourriture-naturelle-pour-chien\/grain-free-duck-sweet-potato-mini\/\"]}]},{\"@type\":\"ImageObject\",\"inLanguage\":\"fr-FR\",\"@id\":\"https:\/\/www.naturadiet.com\/fr\/nourriture-naturelle-pour-chien\/grain-free-duck-sweet-potato-mini\/#primaryimage\",\"url\":\"https:\/\/www.naturadiet.com\/wp-content\/uploads\/2024\/11\/Grain-Free-Duck-3kg-mini-.png\",\"contentUrl\":\"https:\/\/www.naturadiet.com\/wp-content\/uploads\/2024\/11\/Grain-Free-Duck-3kg-mini-.png\",\"width\":800,\"height\":800},{\"@type\":\"BreadcrumbList\",\"@id\":\"https:\/\/www.naturadiet.com\/fr\/nourriture-naturelle-pour-chien\/grain-free-duck-sweet-potato-mini\/#breadcrumb\",\"itemListElement\":[{\"@type\":\"ListItem\",\"position\":1,\"name\":\"Portada\",\"item\":\"https:\/\/www.naturadiet.com\/fr\/\"},{\"@type\":\"ListItem\",\"position\":2,\"name\":\"Grain Free Duck &#038; Sweet Potato Mini\"}]},{\"@type\":\"WebSite\",\"@id\":\"https:\/\/www.naturadiet.com\/fr\/#website\",\"url\":\"https:\/\/www.naturadiet.com\/fr\/\",\"name\":\"Natura Diet\",\"description\":\"Naturales desde 2001\",\"potentialAction\":[{\"@type\":\"SearchAction\",\"target\":{\"@type\":\"EntryPoint\",\"urlTemplate\":\"https:\/\/www.naturadiet.com\/fr\/?s={search_term_string}\"},\"query-input\":{\"@type\":\"PropertyValueSpecification\",\"valueRequired\":true,\"valueName\":\"search_term_string\"}}],\"inLanguage\":\"fr-FR\"}]}<\/script>\n<!-- \/ Yoast SEO plugin. -->","yoast_head_json":{"title":"Grain Free Duck & Sweet Potato Mini - Natura Diet","robots":{"index":"index","follow":"follow","max-snippet":"max-snippet:-1","max-image-preview":"max-image-preview:large","max-video-preview":"max-video-preview:-1"},"canonical":"https:\/\/www.naturadiet.com\/fr\/nourriture-naturelle-pour-chien\/grain-free-duck-sweet-potato-mini\/","og_locale":"fr_FR","og_type":"article","og_title":"Grain Free Duck & Sweet Potato Mini - Natura Diet","og_description":"Aliment complet, \u00e0 base d\u2019ingr\u00e9dients naturels (de vitamines et de min\u00e9raux ajout\u00e9s), biologiquement adapt\u00e9 aux r\u00e9els besoins des chiens adultes de petite taille.","og_url":"https:\/\/www.naturadiet.com\/fr\/nourriture-naturelle-pour-chien\/grain-free-duck-sweet-potato-mini\/","og_site_name":"Natura Diet","article_modified_time":"2024-12-05T10:24:37+00:00","og_image":[{"width":800,"height":800,"url":"https:\/\/www.naturadiet.com\/wp-content\/uploads\/2024\/11\/Grain-Free-Duck-3kg-mini.png","type":"image\/png"}],"twitter_card":"summary_large_image","twitter_misc":{"Dur\u00e9e de lecture estim\u00e9e":"1 minute"},"schema":{"@context":"https:\/\/schema.org","@graph":[{"@type":"WebPage","@id":"https:\/\/www.naturadiet.com\/fr\/nourriture-naturelle-pour-chien\/grain-free-duck-sweet-potato-mini\/","url":"https:\/\/www.naturadiet.com\/fr\/nourriture-naturelle-pour-chien\/grain-free-duck-sweet-potato-mini\/","name":"Grain Free Duck & Sweet Potato Mini - Natura Diet","isPartOf":{"@id":"https:\/\/www.naturadiet.com\/fr\/#website"},"primaryImageOfPage":{"@id":"https:\/\/www.naturadiet.com\/fr\/nourriture-naturelle-pour-chien\/grain-free-duck-sweet-potato-mini\/#primaryimage"},"image":{"@id":"https:\/\/www.naturadiet.com\/fr\/nourriture-naturelle-pour-chien\/grain-free-duck-sweet-potato-mini\/#primaryimage"},"thumbnailUrl":"https:\/\/www.naturadiet.com\/wp-content\/uploads\/2024\/11\/Grain-Free-Duck-3kg-mini-.png","datePublished":"2024-11-06T16:12:28+00:00","dateModified":"2024-12-05T10:24:37+00:00","breadcrumb":{"@id":"https:\/\/www.naturadiet.com\/fr\/nourriture-naturelle-pour-chien\/grain-free-duck-sweet-potato-mini\/#breadcrumb"},"inLanguage":"fr-FR","potentialAction":[{"@type":"ReadAction","target":["https:\/\/www.naturadiet.com\/fr\/nourriture-naturelle-pour-chien\/grain-free-duck-sweet-potato-mini\/"]}]},{"@type":"ImageObject","inLanguage":"fr-FR","@id":"https:\/\/www.naturadiet.com\/fr\/nourriture-naturelle-pour-chien\/grain-free-duck-sweet-potato-mini\/#primaryimage","url":"https:\/\/www.naturadiet.com\/wp-content\/uploads\/2024\/11\/Grain-Free-Duck-3kg-mini-.png","contentUrl":"https:\/\/www.naturadiet.com\/wp-content\/uploads\/2024\/11\/Grain-Free-Duck-3kg-mini-.png","width":800,"height":800},{"@type":"BreadcrumbList","@id":"https:\/\/www.naturadiet.com\/fr\/nourriture-naturelle-pour-chien\/grain-free-duck-sweet-potato-mini\/#breadcrumb","itemListElement":[{"@type":"ListItem","position":1,"name":"Portada","item":"https:\/\/www.naturadiet.com\/fr\/"},{"@type":"ListItem","position":2,"name":"Grain Free Duck &#038; Sweet Potato Mini"}]},{"@type":"WebSite","@id":"https:\/\/www.naturadiet.com\/fr\/#website","url":"https:\/\/www.naturadiet.com\/fr\/","name":"Natura Diet","description":"Naturales desde 2001","potentialAction":[{"@type":"SearchAction","target":{"@type":"EntryPoint","urlTemplate":"https:\/\/www.naturadiet.com\/fr\/?s={search_term_string}"},"query-input":{"@type":"PropertyValueSpecification","valueRequired":true,"valueName":"search_term_string"}}],"inLanguage":"fr-FR"}]}},"_links":{"self":[{"href":"https:\/\/www.naturadiet.com\/fr\/wp-json\/wp\/v2\/product\/258372","targetHints":{"allow":["GET"]}}],"collection":[{"href":"https:\/\/www.naturadiet.com\/fr\/wp-json\/wp\/v2\/product"}],"about":[{"href":"https:\/\/www.naturadiet.com\/fr\/wp-json\/wp\/v2\/types\/product"}],"replies":[{"embeddable":true,"href":"https:\/\/www.naturadiet.com\/fr\/wp-json\/wp\/v2\/comments?post=258372"}],"wp:featuredmedia":[{"embeddable":true,"href":"https:\/\/www.naturadiet.com\/fr\/wp-json\/wp\/v2\/media\/258385"}],"wp:attachment":[{"href":"https:\/\/www.naturadiet.com\/fr\/wp-json\/wp\/v2\/media?parent=258372"}],"wp:term":[{"taxonomy":"product_cat","embeddable":true,"href":"https:\/\/www.naturadiet.com\/fr\/wp-json\/wp\/v2\/product_cat?post=258372"},{"taxonomy":"product_tag","embeddable":true,"href":"https:\/\/www.naturadiet.com\/fr\/wp-json\/wp\/v2\/product_tag?post=258372"}],"curies":[{"name":"wp","href":"https:\/\/api.w.org\/{rel}","templated":true}]}}