{"id":258108,"date":"2024-09-09T11:50:20","date_gmt":"2024-09-09T09:50:20","guid":{"rendered":"https:\/\/www.naturadiet.com\/producto\/lamb-rice\/"},"modified":"2024-10-23T17:52:24","modified_gmt":"2024-10-23T15:52:24","slug":"lamb-rice","status":"publish","type":"product","link":"https:\/\/www.naturadiet.com\/fr\/nourriture-naturelle-pour-chien\/lamb-rice\/","title":{"rendered":"Lamb &#038; Rice"},"content":{"rendered":"<p>Aliment complet naturel, sain et hypoallergenique, \u00e9labor\u00e9 avec des ingr\u00e9dients naturels au potentiel allergisant faible ou nul.<\/p>\n<p>Pour chiens adultes, quelle que soit leur race ou leur taille, ND Lamb &amp; Rice renforce leur syst\u00e8me immunitaire et aide \u00e0 maintenir le poids id\u00e9al du chien.<\/p>\n","protected":false},"excerpt":{"rendered":"<p>Aliment complet naturel, sain et hypoallergenique, \u00e9labor\u00e9 avec des ingr\u00e9dients naturels au potentiel allergisant faible ou nul. Pour chiens adultes, quelle que soit leur race ou leur taille, ND Lamb &amp; Rice renforce leur syst\u00e8me immunitaire et aide \u00e0 maintenir le poids id\u00e9al du chien.<\/p>\n","protected":false},"featured_media":258110,"comment_status":"closed","ping_status":"closed","template":"","meta":{"_acf_changed":false},"product_cat":[80],"product_tag":[],"class_list":{"0":"post-258108","1":"product","2":"type-product","3":"status-publish","4":"has-post-thumbnail","6":"beneficios-optima-actividad-muscular-fr","7":"beneficios-antioxidantes-fr","8":"beneficios-articulaciones-fr","9":"beneficios-cerebral-fr","10":"beneficios-alta-digestibilidad-fr","11":"beneficios-hipoalergenico-fr","12":"beneficios-ocular-fr","13":"beneficios-peso-ideal-fr","14":"beneficios-refuerzo-inmunitario-fr","15":"beneficios-salud-dental-fr","16":"beneficios-salud-pelo-y-piel-fr","17":"beneficios-salud-intestinal-fr","18":"product_cat-nourriture-naturelle-pour-chien","20":"first","21":"instock","22":"product-type-simple"},"acf":[],"yoast_head":"<!-- This site is optimized with the Yoast SEO plugin v23.7 - https:\/\/yoast.com\/wordpress\/plugins\/seo\/ -->\n<title>Lamb &amp; Rice - Natura Diet<\/title>\n<meta name=\"description\" content=\"Para perros adultos de cualquier raza o tama\u00f1o, ND Lamb &amp; Rice refuerza el sistema inmunitario y favorece el peso ideal del animal. Alimento saludable e hipoal\u00e9rgenico.\" \/>\n<meta name=\"robots\" content=\"index, follow, max-snippet:-1, max-image-preview:large, max-video-preview:-1\" \/>\n<link rel=\"canonical\" href=\"https:\/\/www.naturadiet.com\/fr\/nourriture-naturelle-pour-chien\/lamb-rice\/\" \/>\n<meta property=\"og:locale\" content=\"fr_FR\" \/>\n<meta property=\"og:type\" content=\"article\" \/>\n<meta property=\"og:title\" content=\"Lamb &amp; Rice - Natura Diet\" \/>\n<meta property=\"og:description\" content=\"Para perros adultos de cualquier raza o tama\u00f1o, ND Lamb &amp; Rice refuerza el sistema inmunitario y favorece el peso ideal del animal. Alimento saludable e hipoal\u00e9rgenico.\" \/>\n<meta property=\"og:url\" content=\"https:\/\/www.naturadiet.com\/fr\/nourriture-naturelle-pour-chien\/lamb-rice\/\" \/>\n<meta property=\"og:site_name\" content=\"Natura Diet\" \/>\n<meta property=\"article:modified_time\" content=\"2024-10-23T15:52:24+00:00\" \/>\n<meta property=\"og:image\" content=\"https:\/\/www.naturadiet.com\/wp-content\/uploads\/2024\/09\/Lamb-Rice.png\" \/>\n\t<meta property=\"og:image:width\" content=\"800\" \/>\n\t<meta property=\"og:image:height\" content=\"800\" \/>\n\t<meta property=\"og:image:type\" content=\"image\/png\" \/>\n<meta name=\"twitter:card\" content=\"summary_large_image\" \/>\n<meta name=\"twitter:label1\" content=\"Dur\u00e9e de lecture estim\u00e9e\" \/>\n\t<meta name=\"twitter:data1\" content=\"1 minute\" \/>\n<script type=\"application\/ld+json\" class=\"yoast-schema-graph\">{\"@context\":\"https:\/\/schema.org\",\"@graph\":[{\"@type\":\"WebPage\",\"@id\":\"https:\/\/www.naturadiet.com\/fr\/nourriture-naturelle-pour-chien\/lamb-rice\/\",\"url\":\"https:\/\/www.naturadiet.com\/fr\/nourriture-naturelle-pour-chien\/lamb-rice\/\",\"name\":\"Lamb & Rice - Natura Diet\",\"isPartOf\":{\"@id\":\"https:\/\/www.naturadiet.com\/fr\/#website\"},\"primaryImageOfPage\":{\"@id\":\"https:\/\/www.naturadiet.com\/fr\/nourriture-naturelle-pour-chien\/lamb-rice\/#primaryimage\"},\"image\":{\"@id\":\"https:\/\/www.naturadiet.com\/fr\/nourriture-naturelle-pour-chien\/lamb-rice\/#primaryimage\"},\"thumbnailUrl\":\"https:\/\/www.naturadiet.com\/wp-content\/uploads\/2024\/09\/Lamb-Rice.png\",\"datePublished\":\"2024-09-09T09:50:20+00:00\",\"dateModified\":\"2024-10-23T15:52:24+00:00\",\"description\":\"Para perros adultos de cualquier raza o tama\u00f1o, ND Lamb & Rice refuerza el sistema inmunitario y favorece el peso ideal del animal. Alimento saludable e hipoal\u00e9rgenico.\",\"breadcrumb\":{\"@id\":\"https:\/\/www.naturadiet.com\/fr\/nourriture-naturelle-pour-chien\/lamb-rice\/#breadcrumb\"},\"inLanguage\":\"fr-FR\",\"potentialAction\":[{\"@type\":\"ReadAction\",\"target\":[\"https:\/\/www.naturadiet.com\/fr\/nourriture-naturelle-pour-chien\/lamb-rice\/\"]}]},{\"@type\":\"ImageObject\",\"inLanguage\":\"fr-FR\",\"@id\":\"https:\/\/www.naturadiet.com\/fr\/nourriture-naturelle-pour-chien\/lamb-rice\/#primaryimage\",\"url\":\"https:\/\/www.naturadiet.com\/wp-content\/uploads\/2024\/09\/Lamb-Rice.png\",\"contentUrl\":\"https:\/\/www.naturadiet.com\/wp-content\/uploads\/2024\/09\/Lamb-Rice.png\",\"width\":800,\"height\":800},{\"@type\":\"BreadcrumbList\",\"@id\":\"https:\/\/www.naturadiet.com\/fr\/nourriture-naturelle-pour-chien\/lamb-rice\/#breadcrumb\",\"itemListElement\":[{\"@type\":\"ListItem\",\"position\":1,\"name\":\"Portada\",\"item\":\"https:\/\/www.naturadiet.com\/fr\/\"},{\"@type\":\"ListItem\",\"position\":2,\"name\":\"Lamb &#038; Rice\"}]},{\"@type\":\"WebSite\",\"@id\":\"https:\/\/www.naturadiet.com\/fr\/#website\",\"url\":\"https:\/\/www.naturadiet.com\/fr\/\",\"name\":\"Natura Diet\",\"description\":\"Naturales desde 2001\",\"potentialAction\":[{\"@type\":\"SearchAction\",\"target\":{\"@type\":\"EntryPoint\",\"urlTemplate\":\"https:\/\/www.naturadiet.com\/fr\/?s={search_term_string}\"},\"query-input\":{\"@type\":\"PropertyValueSpecification\",\"valueRequired\":true,\"valueName\":\"search_term_string\"}}],\"inLanguage\":\"fr-FR\"}]}<\/script>\n<!-- \/ Yoast SEO plugin. -->","yoast_head_json":{"title":"Lamb & Rice - Natura Diet","description":"Para perros adultos de cualquier raza o tama\u00f1o, ND Lamb & Rice refuerza el sistema inmunitario y favorece el peso ideal del animal. Alimento saludable e hipoal\u00e9rgenico.","robots":{"index":"index","follow":"follow","max-snippet":"max-snippet:-1","max-image-preview":"max-image-preview:large","max-video-preview":"max-video-preview:-1"},"canonical":"https:\/\/www.naturadiet.com\/fr\/nourriture-naturelle-pour-chien\/lamb-rice\/","og_locale":"fr_FR","og_type":"article","og_title":"Lamb & Rice - Natura Diet","og_description":"Para perros adultos de cualquier raza o tama\u00f1o, ND Lamb & Rice refuerza el sistema inmunitario y favorece el peso ideal del animal. Alimento saludable e hipoal\u00e9rgenico.","og_url":"https:\/\/www.naturadiet.com\/fr\/nourriture-naturelle-pour-chien\/lamb-rice\/","og_site_name":"Natura Diet","article_modified_time":"2024-10-23T15:52:24+00:00","og_image":[{"width":800,"height":800,"url":"https:\/\/www.naturadiet.com\/wp-content\/uploads\/2024\/09\/Lamb-Rice.png","type":"image\/png"}],"twitter_card":"summary_large_image","twitter_misc":{"Dur\u00e9e de lecture estim\u00e9e":"1 minute"},"schema":{"@context":"https:\/\/schema.org","@graph":[{"@type":"WebPage","@id":"https:\/\/www.naturadiet.com\/fr\/nourriture-naturelle-pour-chien\/lamb-rice\/","url":"https:\/\/www.naturadiet.com\/fr\/nourriture-naturelle-pour-chien\/lamb-rice\/","name":"Lamb & Rice - Natura Diet","isPartOf":{"@id":"https:\/\/www.naturadiet.com\/fr\/#website"},"primaryImageOfPage":{"@id":"https:\/\/www.naturadiet.com\/fr\/nourriture-naturelle-pour-chien\/lamb-rice\/#primaryimage"},"image":{"@id":"https:\/\/www.naturadiet.com\/fr\/nourriture-naturelle-pour-chien\/lamb-rice\/#primaryimage"},"thumbnailUrl":"https:\/\/www.naturadiet.com\/wp-content\/uploads\/2024\/09\/Lamb-Rice.png","datePublished":"2024-09-09T09:50:20+00:00","dateModified":"2024-10-23T15:52:24+00:00","description":"Para perros adultos de cualquier raza o tama\u00f1o, ND Lamb & Rice refuerza el sistema inmunitario y favorece el peso ideal del animal. Alimento saludable e hipoal\u00e9rgenico.","breadcrumb":{"@id":"https:\/\/www.naturadiet.com\/fr\/nourriture-naturelle-pour-chien\/lamb-rice\/#breadcrumb"},"inLanguage":"fr-FR","potentialAction":[{"@type":"ReadAction","target":["https:\/\/www.naturadiet.com\/fr\/nourriture-naturelle-pour-chien\/lamb-rice\/"]}]},{"@type":"ImageObject","inLanguage":"fr-FR","@id":"https:\/\/www.naturadiet.com\/fr\/nourriture-naturelle-pour-chien\/lamb-rice\/#primaryimage","url":"https:\/\/www.naturadiet.com\/wp-content\/uploads\/2024\/09\/Lamb-Rice.png","contentUrl":"https:\/\/www.naturadiet.com\/wp-content\/uploads\/2024\/09\/Lamb-Rice.png","width":800,"height":800},{"@type":"BreadcrumbList","@id":"https:\/\/www.naturadiet.com\/fr\/nourriture-naturelle-pour-chien\/lamb-rice\/#breadcrumb","itemListElement":[{"@type":"ListItem","position":1,"name":"Portada","item":"https:\/\/www.naturadiet.com\/fr\/"},{"@type":"ListItem","position":2,"name":"Lamb &#038; Rice"}]},{"@type":"WebSite","@id":"https:\/\/www.naturadiet.com\/fr\/#website","url":"https:\/\/www.naturadiet.com\/fr\/","name":"Natura Diet","description":"Naturales desde 2001","potentialAction":[{"@type":"SearchAction","target":{"@type":"EntryPoint","urlTemplate":"https:\/\/www.naturadiet.com\/fr\/?s={search_term_string}"},"query-input":{"@type":"PropertyValueSpecification","valueRequired":true,"valueName":"search_term_string"}}],"inLanguage":"fr-FR"}]}},"_links":{"self":[{"href":"https:\/\/www.naturadiet.com\/fr\/wp-json\/wp\/v2\/product\/258108","targetHints":{"allow":["GET"]}}],"collection":[{"href":"https:\/\/www.naturadiet.com\/fr\/wp-json\/wp\/v2\/product"}],"about":[{"href":"https:\/\/www.naturadiet.com\/fr\/wp-json\/wp\/v2\/types\/product"}],"replies":[{"embeddable":true,"href":"https:\/\/www.naturadiet.com\/fr\/wp-json\/wp\/v2\/comments?post=258108"}],"wp:featuredmedia":[{"embeddable":true,"href":"https:\/\/www.naturadiet.com\/fr\/wp-json\/wp\/v2\/media\/258110"}],"wp:attachment":[{"href":"https:\/\/www.naturadiet.com\/fr\/wp-json\/wp\/v2\/media?parent=258108"}],"wp:term":[{"taxonomy":"product_cat","embeddable":true,"href":"https:\/\/www.naturadiet.com\/fr\/wp-json\/wp\/v2\/product_cat?post=258108"},{"taxonomy":"product_tag","embeddable":true,"href":"https:\/\/www.naturadiet.com\/fr\/wp-json\/wp\/v2\/product_tag?post=258108"}],"curies":[{"name":"wp","href":"https:\/\/api.w.org\/{rel}","templated":true}]}}