{"id":258096,"date":"2024-09-09T11:50:20","date_gmt":"2024-09-09T09:50:20","guid":{"rendered":"https:\/\/www.naturadiet.com\/producto\/daily-food-mini\/"},"modified":"2024-10-23T17:50:22","modified_gmt":"2024-10-23T15:50:22","slug":"daily-food-mini","status":"publish","type":"product","link":"https:\/\/www.naturadiet.com\/fr\/nourriture-naturelle-pour-chien\/daily-food-mini\/","title":{"rendered":"Daily Food Mini"},"content":{"rendered":"<p>Aliment complet, nutritif et \u00e9quilibr\u00e9, \u00e9labor\u00e9 pour une alimentation quotidienne saine, recommand\u00e9 pour des chiens adultes de petite race.<\/p>\n<p>ND Daily Food Mini, \u00e9labor\u00e9 \u00e0 partir d\u2019ingr\u00e9dients 100% naturels, facilite la digestibilit\u00e9, favorise la sant\u00e9 intestinale et aide \u00e0 maintenir les dents, le pelage et la peau en conditions optimales.<\/p>\n","protected":false},"excerpt":{"rendered":"<p>Aliment complet, nutritif et \u00e9quilibr\u00e9, \u00e9labor\u00e9 pour une alimentation quotidienne saine, recommand\u00e9 pour des chiens adultes de petite race. ND Daily Food Mini, \u00e9labor\u00e9 \u00e0 partir d\u2019ingr\u00e9dients 100% naturels, facilite la digestibilit\u00e9, favorise la sant\u00e9 intestinale et aide \u00e0 maintenir les dents, le pelage et la peau en conditions optimales.<\/p>\n","protected":false},"featured_media":258098,"comment_status":"closed","ping_status":"closed","template":"","meta":{"_acf_changed":false},"product_cat":[80],"product_tag":[],"class_list":{"0":"post-258096","1":"product","2":"type-product","3":"status-publish","4":"has-post-thumbnail","6":"beneficios-optima-actividad-muscular-fr","7":"beneficios-antioxidantes-fr","8":"beneficios-articulaciones-fr","9":"beneficios-cerebral-fr","10":"beneficios-alta-digestibilidad-fr","11":"beneficios-ocular-fr","12":"beneficios-peso-ideal-fr","13":"beneficios-refuerzo-inmunitario-fr","14":"beneficios-salud-dental-fr","15":"beneficios-salud-pelo-y-piel-fr","16":"beneficios-salud-intestinal-fr","17":"product_cat-nourriture-naturelle-pour-chien","19":"first","20":"instock","21":"product-type-simple"},"acf":[],"yoast_head":"<!-- This site is optimized with the Yoast SEO plugin v23.7 - https:\/\/yoast.com\/wordpress\/plugins\/seo\/ -->\n<title>Daily Food Mini - Natura Diet<\/title>\n<meta name=\"description\" content=\"Indicado para perros de raza peque\u00f1a. ND Daily Food, con ingredientes 100% naturales, favorece la salud intestinal. Propicia un estado \u00f3ptimo del pelo, la piel y los dientes.\" \/>\n<meta name=\"robots\" content=\"index, follow, max-snippet:-1, max-image-preview:large, max-video-preview:-1\" \/>\n<link rel=\"canonical\" href=\"https:\/\/www.naturadiet.com\/fr\/nourriture-naturelle-pour-chien\/daily-food-mini\/\" \/>\n<meta property=\"og:locale\" content=\"fr_FR\" \/>\n<meta property=\"og:type\" content=\"article\" \/>\n<meta property=\"og:title\" content=\"Daily Food Mini - Natura Diet\" \/>\n<meta property=\"og:description\" content=\"Indicado para perros de raza peque\u00f1a. ND Daily Food, con ingredientes 100% naturales, favorece la salud intestinal. Propicia un estado \u00f3ptimo del pelo, la piel y los dientes.\" \/>\n<meta property=\"og:url\" content=\"https:\/\/www.naturadiet.com\/fr\/nourriture-naturelle-pour-chien\/daily-food-mini\/\" \/>\n<meta property=\"og:site_name\" content=\"Natura Diet\" \/>\n<meta property=\"article:modified_time\" content=\"2024-10-23T15:50:22+00:00\" \/>\n<meta property=\"og:image\" content=\"https:\/\/www.naturadiet.com\/wp-content\/uploads\/2024\/09\/Daily-Food-Mini-1.png\" \/>\n\t<meta property=\"og:image:width\" content=\"800\" \/>\n\t<meta property=\"og:image:height\" content=\"800\" \/>\n\t<meta property=\"og:image:type\" content=\"image\/png\" \/>\n<meta name=\"twitter:card\" content=\"summary_large_image\" \/>\n<meta name=\"twitter:label1\" content=\"Dur\u00e9e de lecture estim\u00e9e\" \/>\n\t<meta name=\"twitter:data1\" content=\"1 minute\" \/>\n<script type=\"application\/ld+json\" class=\"yoast-schema-graph\">{\"@context\":\"https:\/\/schema.org\",\"@graph\":[{\"@type\":\"WebPage\",\"@id\":\"https:\/\/www.naturadiet.com\/fr\/nourriture-naturelle-pour-chien\/daily-food-mini\/\",\"url\":\"https:\/\/www.naturadiet.com\/fr\/nourriture-naturelle-pour-chien\/daily-food-mini\/\",\"name\":\"Daily Food Mini - Natura Diet\",\"isPartOf\":{\"@id\":\"https:\/\/www.naturadiet.com\/fr\/#website\"},\"primaryImageOfPage\":{\"@id\":\"https:\/\/www.naturadiet.com\/fr\/nourriture-naturelle-pour-chien\/daily-food-mini\/#primaryimage\"},\"image\":{\"@id\":\"https:\/\/www.naturadiet.com\/fr\/nourriture-naturelle-pour-chien\/daily-food-mini\/#primaryimage\"},\"thumbnailUrl\":\"https:\/\/www.naturadiet.com\/wp-content\/uploads\/2024\/09\/Daily-Food-Mini-1.png\",\"datePublished\":\"2024-09-09T09:50:20+00:00\",\"dateModified\":\"2024-10-23T15:50:22+00:00\",\"description\":\"Indicado para perros de raza peque\u00f1a. ND Daily Food, con ingredientes 100% naturales, favorece la salud intestinal. Propicia un estado \u00f3ptimo del pelo, la piel y los dientes.\",\"breadcrumb\":{\"@id\":\"https:\/\/www.naturadiet.com\/fr\/nourriture-naturelle-pour-chien\/daily-food-mini\/#breadcrumb\"},\"inLanguage\":\"fr-FR\",\"potentialAction\":[{\"@type\":\"ReadAction\",\"target\":[\"https:\/\/www.naturadiet.com\/fr\/nourriture-naturelle-pour-chien\/daily-food-mini\/\"]}]},{\"@type\":\"ImageObject\",\"inLanguage\":\"fr-FR\",\"@id\":\"https:\/\/www.naturadiet.com\/fr\/nourriture-naturelle-pour-chien\/daily-food-mini\/#primaryimage\",\"url\":\"https:\/\/www.naturadiet.com\/wp-content\/uploads\/2024\/09\/Daily-Food-Mini-1.png\",\"contentUrl\":\"https:\/\/www.naturadiet.com\/wp-content\/uploads\/2024\/09\/Daily-Food-Mini-1.png\",\"width\":800,\"height\":800},{\"@type\":\"BreadcrumbList\",\"@id\":\"https:\/\/www.naturadiet.com\/fr\/nourriture-naturelle-pour-chien\/daily-food-mini\/#breadcrumb\",\"itemListElement\":[{\"@type\":\"ListItem\",\"position\":1,\"name\":\"Portada\",\"item\":\"https:\/\/www.naturadiet.com\/fr\/\"},{\"@type\":\"ListItem\",\"position\":2,\"name\":\"Daily Food Mini\"}]},{\"@type\":\"WebSite\",\"@id\":\"https:\/\/www.naturadiet.com\/fr\/#website\",\"url\":\"https:\/\/www.naturadiet.com\/fr\/\",\"name\":\"Natura Diet\",\"description\":\"Naturales desde 2001\",\"potentialAction\":[{\"@type\":\"SearchAction\",\"target\":{\"@type\":\"EntryPoint\",\"urlTemplate\":\"https:\/\/www.naturadiet.com\/fr\/?s={search_term_string}\"},\"query-input\":{\"@type\":\"PropertyValueSpecification\",\"valueRequired\":true,\"valueName\":\"search_term_string\"}}],\"inLanguage\":\"fr-FR\"}]}<\/script>\n<!-- \/ Yoast SEO plugin. -->","yoast_head_json":{"title":"Daily Food Mini - Natura Diet","description":"Indicado para perros de raza peque\u00f1a. ND Daily Food, con ingredientes 100% naturales, favorece la salud intestinal. Propicia un estado \u00f3ptimo del pelo, la piel y los dientes.","robots":{"index":"index","follow":"follow","max-snippet":"max-snippet:-1","max-image-preview":"max-image-preview:large","max-video-preview":"max-video-preview:-1"},"canonical":"https:\/\/www.naturadiet.com\/fr\/nourriture-naturelle-pour-chien\/daily-food-mini\/","og_locale":"fr_FR","og_type":"article","og_title":"Daily Food Mini - Natura Diet","og_description":"Indicado para perros de raza peque\u00f1a. ND Daily Food, con ingredientes 100% naturales, favorece la salud intestinal. Propicia un estado \u00f3ptimo del pelo, la piel y los dientes.","og_url":"https:\/\/www.naturadiet.com\/fr\/nourriture-naturelle-pour-chien\/daily-food-mini\/","og_site_name":"Natura Diet","article_modified_time":"2024-10-23T15:50:22+00:00","og_image":[{"width":800,"height":800,"url":"https:\/\/www.naturadiet.com\/wp-content\/uploads\/2024\/09\/Daily-Food-Mini-1.png","type":"image\/png"}],"twitter_card":"summary_large_image","twitter_misc":{"Dur\u00e9e de lecture estim\u00e9e":"1 minute"},"schema":{"@context":"https:\/\/schema.org","@graph":[{"@type":"WebPage","@id":"https:\/\/www.naturadiet.com\/fr\/nourriture-naturelle-pour-chien\/daily-food-mini\/","url":"https:\/\/www.naturadiet.com\/fr\/nourriture-naturelle-pour-chien\/daily-food-mini\/","name":"Daily Food Mini - Natura Diet","isPartOf":{"@id":"https:\/\/www.naturadiet.com\/fr\/#website"},"primaryImageOfPage":{"@id":"https:\/\/www.naturadiet.com\/fr\/nourriture-naturelle-pour-chien\/daily-food-mini\/#primaryimage"},"image":{"@id":"https:\/\/www.naturadiet.com\/fr\/nourriture-naturelle-pour-chien\/daily-food-mini\/#primaryimage"},"thumbnailUrl":"https:\/\/www.naturadiet.com\/wp-content\/uploads\/2024\/09\/Daily-Food-Mini-1.png","datePublished":"2024-09-09T09:50:20+00:00","dateModified":"2024-10-23T15:50:22+00:00","description":"Indicado para perros de raza peque\u00f1a. ND Daily Food, con ingredientes 100% naturales, favorece la salud intestinal. Propicia un estado \u00f3ptimo del pelo, la piel y los dientes.","breadcrumb":{"@id":"https:\/\/www.naturadiet.com\/fr\/nourriture-naturelle-pour-chien\/daily-food-mini\/#breadcrumb"},"inLanguage":"fr-FR","potentialAction":[{"@type":"ReadAction","target":["https:\/\/www.naturadiet.com\/fr\/nourriture-naturelle-pour-chien\/daily-food-mini\/"]}]},{"@type":"ImageObject","inLanguage":"fr-FR","@id":"https:\/\/www.naturadiet.com\/fr\/nourriture-naturelle-pour-chien\/daily-food-mini\/#primaryimage","url":"https:\/\/www.naturadiet.com\/wp-content\/uploads\/2024\/09\/Daily-Food-Mini-1.png","contentUrl":"https:\/\/www.naturadiet.com\/wp-content\/uploads\/2024\/09\/Daily-Food-Mini-1.png","width":800,"height":800},{"@type":"BreadcrumbList","@id":"https:\/\/www.naturadiet.com\/fr\/nourriture-naturelle-pour-chien\/daily-food-mini\/#breadcrumb","itemListElement":[{"@type":"ListItem","position":1,"name":"Portada","item":"https:\/\/www.naturadiet.com\/fr\/"},{"@type":"ListItem","position":2,"name":"Daily Food Mini"}]},{"@type":"WebSite","@id":"https:\/\/www.naturadiet.com\/fr\/#website","url":"https:\/\/www.naturadiet.com\/fr\/","name":"Natura Diet","description":"Naturales desde 2001","potentialAction":[{"@type":"SearchAction","target":{"@type":"EntryPoint","urlTemplate":"https:\/\/www.naturadiet.com\/fr\/?s={search_term_string}"},"query-input":{"@type":"PropertyValueSpecification","valueRequired":true,"valueName":"search_term_string"}}],"inLanguage":"fr-FR"}]}},"_links":{"self":[{"href":"https:\/\/www.naturadiet.com\/fr\/wp-json\/wp\/v2\/product\/258096","targetHints":{"allow":["GET"]}}],"collection":[{"href":"https:\/\/www.naturadiet.com\/fr\/wp-json\/wp\/v2\/product"}],"about":[{"href":"https:\/\/www.naturadiet.com\/fr\/wp-json\/wp\/v2\/types\/product"}],"replies":[{"embeddable":true,"href":"https:\/\/www.naturadiet.com\/fr\/wp-json\/wp\/v2\/comments?post=258096"}],"wp:featuredmedia":[{"embeddable":true,"href":"https:\/\/www.naturadiet.com\/fr\/wp-json\/wp\/v2\/media\/258098"}],"wp:attachment":[{"href":"https:\/\/www.naturadiet.com\/fr\/wp-json\/wp\/v2\/media?parent=258096"}],"wp:term":[{"taxonomy":"product_cat","embeddable":true,"href":"https:\/\/www.naturadiet.com\/fr\/wp-json\/wp\/v2\/product_cat?post=258096"},{"taxonomy":"product_tag","embeddable":true,"href":"https:\/\/www.naturadiet.com\/fr\/wp-json\/wp\/v2\/product_tag?post=258096"}],"curies":[{"name":"wp","href":"https:\/\/api.w.org\/{rel}","templated":true}]}}