{"id":258092,"date":"2024-09-09T11:50:29","date_gmt":"2024-09-09T09:50:29","guid":{"rendered":"https:\/\/www.naturadiet.com\/producto\/iberico-rice\/"},"modified":"2024-10-23T17:49:39","modified_gmt":"2024-10-23T15:49:39","slug":"iberico-rice","status":"publish","type":"product","link":"https:\/\/www.naturadiet.com\/fr\/nourriture-naturelle-pour-chien\/iberico-rice\/","title":{"rendered":"Iberico &#038; Rice"},"content":{"rendered":"<p>Aliment complet 100 % naturel, nutritif, sain et adapt\u00e9 aux chiens adultes, quelles que soient leur race ou leur taille.<\/p>\n<p>Il est en particulier recommand\u00e9 pour les chiens ayant une digestion sensible ou une intol\u00e9rance \u00e0 certains ingr\u00e9dients.<\/p>\n","protected":false},"excerpt":{"rendered":"<p>Aliment complet 100 % naturel, nutritif, sain et adapt\u00e9 aux chiens adultes, quelles que soient leur race ou leur taille. Il est en particulier recommand\u00e9 pour les chiens ayant une digestion sensible ou une intol\u00e9rance \u00e0 certains ingr\u00e9dients.<\/p>\n","protected":false},"featured_media":258094,"comment_status":"closed","ping_status":"closed","template":"","meta":{"_acf_changed":false},"product_cat":[80],"product_tag":[],"class_list":{"0":"post-258092","1":"product","2":"type-product","3":"status-publish","4":"has-post-thumbnail","6":"beneficios-optima-actividad-muscular-fr","7":"beneficios-antioxidantes-fr","8":"beneficios-articulaciones-fr","9":"beneficios-cerebral-fr","10":"beneficios-alta-digestibilidad-fr","11":"beneficios-hipoalergenico-fr","12":"beneficios-ocular-fr","13":"beneficios-peso-ideal-fr","14":"beneficios-refuerzo-inmunitario-fr","15":"beneficios-salud-dental-fr","16":"beneficios-salud-pelo-y-piel-fr","17":"beneficios-salud-intestinal-fr","18":"product_cat-nourriture-naturelle-pour-chien","20":"first","21":"instock","22":"product-type-simple"},"acf":[],"yoast_head":"<!-- This site is optimized with the Yoast SEO plugin v23.7 - https:\/\/yoast.com\/wordpress\/plugins\/seo\/ -->\n<title>Iberico &amp; Rice - Natura Diet<\/title>\n<meta name=\"description\" content=\"Est\u00e1 especialmente indicado para perros con sensibilidad digestiva o intolerancia a ciertos ingredientes. Alimento completo natural, nutritivo y saludable biol\u00f3gicamente.\" \/>\n<meta name=\"robots\" content=\"index, follow, max-snippet:-1, max-image-preview:large, max-video-preview:-1\" \/>\n<link rel=\"canonical\" href=\"https:\/\/www.naturadiet.com\/fr\/nourriture-naturelle-pour-chien\/iberico-rice\/\" \/>\n<meta property=\"og:locale\" content=\"fr_FR\" \/>\n<meta property=\"og:type\" content=\"article\" \/>\n<meta property=\"og:title\" content=\"Iberico &amp; Rice - Natura Diet\" \/>\n<meta property=\"og:description\" content=\"Est\u00e1 especialmente indicado para perros con sensibilidad digestiva o intolerancia a ciertos ingredientes. Alimento completo natural, nutritivo y saludable biol\u00f3gicamente.\" \/>\n<meta property=\"og:url\" content=\"https:\/\/www.naturadiet.com\/fr\/nourriture-naturelle-pour-chien\/iberico-rice\/\" \/>\n<meta property=\"og:site_name\" content=\"Natura Diet\" \/>\n<meta property=\"article:modified_time\" content=\"2024-10-23T15:49:39+00:00\" \/>\n<meta property=\"og:image\" content=\"https:\/\/www.naturadiet.com\/wp-content\/uploads\/2024\/09\/Iberico-Rice.png\" \/>\n\t<meta property=\"og:image:width\" content=\"800\" \/>\n\t<meta property=\"og:image:height\" content=\"800\" \/>\n\t<meta property=\"og:image:type\" content=\"image\/png\" \/>\n<meta name=\"twitter:card\" content=\"summary_large_image\" \/>\n<meta name=\"twitter:label1\" content=\"Dur\u00e9e de lecture estim\u00e9e\" \/>\n\t<meta name=\"twitter:data1\" content=\"1 minute\" \/>\n<script type=\"application\/ld+json\" class=\"yoast-schema-graph\">{\"@context\":\"https:\/\/schema.org\",\"@graph\":[{\"@type\":\"WebPage\",\"@id\":\"https:\/\/www.naturadiet.com\/fr\/nourriture-naturelle-pour-chien\/iberico-rice\/\",\"url\":\"https:\/\/www.naturadiet.com\/fr\/nourriture-naturelle-pour-chien\/iberico-rice\/\",\"name\":\"Iberico & Rice - Natura Diet\",\"isPartOf\":{\"@id\":\"https:\/\/www.naturadiet.com\/fr\/#website\"},\"primaryImageOfPage\":{\"@id\":\"https:\/\/www.naturadiet.com\/fr\/nourriture-naturelle-pour-chien\/iberico-rice\/#primaryimage\"},\"image\":{\"@id\":\"https:\/\/www.naturadiet.com\/fr\/nourriture-naturelle-pour-chien\/iberico-rice\/#primaryimage\"},\"thumbnailUrl\":\"https:\/\/www.naturadiet.com\/wp-content\/uploads\/2024\/09\/Iberico-Rice.png\",\"datePublished\":\"2024-09-09T09:50:29+00:00\",\"dateModified\":\"2024-10-23T15:49:39+00:00\",\"description\":\"Est\u00e1 especialmente indicado para perros con sensibilidad digestiva o intolerancia a ciertos ingredientes. Alimento completo natural, nutritivo y saludable biol\u00f3gicamente.\",\"breadcrumb\":{\"@id\":\"https:\/\/www.naturadiet.com\/fr\/nourriture-naturelle-pour-chien\/iberico-rice\/#breadcrumb\"},\"inLanguage\":\"fr-FR\",\"potentialAction\":[{\"@type\":\"ReadAction\",\"target\":[\"https:\/\/www.naturadiet.com\/fr\/nourriture-naturelle-pour-chien\/iberico-rice\/\"]}]},{\"@type\":\"ImageObject\",\"inLanguage\":\"fr-FR\",\"@id\":\"https:\/\/www.naturadiet.com\/fr\/nourriture-naturelle-pour-chien\/iberico-rice\/#primaryimage\",\"url\":\"https:\/\/www.naturadiet.com\/wp-content\/uploads\/2024\/09\/Iberico-Rice.png\",\"contentUrl\":\"https:\/\/www.naturadiet.com\/wp-content\/uploads\/2024\/09\/Iberico-Rice.png\",\"width\":800,\"height\":800},{\"@type\":\"BreadcrumbList\",\"@id\":\"https:\/\/www.naturadiet.com\/fr\/nourriture-naturelle-pour-chien\/iberico-rice\/#breadcrumb\",\"itemListElement\":[{\"@type\":\"ListItem\",\"position\":1,\"name\":\"Portada\",\"item\":\"https:\/\/www.naturadiet.com\/fr\/\"},{\"@type\":\"ListItem\",\"position\":2,\"name\":\"Iberico &#038; Rice\"}]},{\"@type\":\"WebSite\",\"@id\":\"https:\/\/www.naturadiet.com\/fr\/#website\",\"url\":\"https:\/\/www.naturadiet.com\/fr\/\",\"name\":\"Natura Diet\",\"description\":\"Naturales desde 2001\",\"potentialAction\":[{\"@type\":\"SearchAction\",\"target\":{\"@type\":\"EntryPoint\",\"urlTemplate\":\"https:\/\/www.naturadiet.com\/fr\/?s={search_term_string}\"},\"query-input\":{\"@type\":\"PropertyValueSpecification\",\"valueRequired\":true,\"valueName\":\"search_term_string\"}}],\"inLanguage\":\"fr-FR\"}]}<\/script>\n<!-- \/ Yoast SEO plugin. -->","yoast_head_json":{"title":"Iberico & Rice - Natura Diet","description":"Est\u00e1 especialmente indicado para perros con sensibilidad digestiva o intolerancia a ciertos ingredientes. Alimento completo natural, nutritivo y saludable biol\u00f3gicamente.","robots":{"index":"index","follow":"follow","max-snippet":"max-snippet:-1","max-image-preview":"max-image-preview:large","max-video-preview":"max-video-preview:-1"},"canonical":"https:\/\/www.naturadiet.com\/fr\/nourriture-naturelle-pour-chien\/iberico-rice\/","og_locale":"fr_FR","og_type":"article","og_title":"Iberico & Rice - Natura Diet","og_description":"Est\u00e1 especialmente indicado para perros con sensibilidad digestiva o intolerancia a ciertos ingredientes. Alimento completo natural, nutritivo y saludable biol\u00f3gicamente.","og_url":"https:\/\/www.naturadiet.com\/fr\/nourriture-naturelle-pour-chien\/iberico-rice\/","og_site_name":"Natura Diet","article_modified_time":"2024-10-23T15:49:39+00:00","og_image":[{"width":800,"height":800,"url":"https:\/\/www.naturadiet.com\/wp-content\/uploads\/2024\/09\/Iberico-Rice.png","type":"image\/png"}],"twitter_card":"summary_large_image","twitter_misc":{"Dur\u00e9e de lecture estim\u00e9e":"1 minute"},"schema":{"@context":"https:\/\/schema.org","@graph":[{"@type":"WebPage","@id":"https:\/\/www.naturadiet.com\/fr\/nourriture-naturelle-pour-chien\/iberico-rice\/","url":"https:\/\/www.naturadiet.com\/fr\/nourriture-naturelle-pour-chien\/iberico-rice\/","name":"Iberico & Rice - Natura Diet","isPartOf":{"@id":"https:\/\/www.naturadiet.com\/fr\/#website"},"primaryImageOfPage":{"@id":"https:\/\/www.naturadiet.com\/fr\/nourriture-naturelle-pour-chien\/iberico-rice\/#primaryimage"},"image":{"@id":"https:\/\/www.naturadiet.com\/fr\/nourriture-naturelle-pour-chien\/iberico-rice\/#primaryimage"},"thumbnailUrl":"https:\/\/www.naturadiet.com\/wp-content\/uploads\/2024\/09\/Iberico-Rice.png","datePublished":"2024-09-09T09:50:29+00:00","dateModified":"2024-10-23T15:49:39+00:00","description":"Est\u00e1 especialmente indicado para perros con sensibilidad digestiva o intolerancia a ciertos ingredientes. Alimento completo natural, nutritivo y saludable biol\u00f3gicamente.","breadcrumb":{"@id":"https:\/\/www.naturadiet.com\/fr\/nourriture-naturelle-pour-chien\/iberico-rice\/#breadcrumb"},"inLanguage":"fr-FR","potentialAction":[{"@type":"ReadAction","target":["https:\/\/www.naturadiet.com\/fr\/nourriture-naturelle-pour-chien\/iberico-rice\/"]}]},{"@type":"ImageObject","inLanguage":"fr-FR","@id":"https:\/\/www.naturadiet.com\/fr\/nourriture-naturelle-pour-chien\/iberico-rice\/#primaryimage","url":"https:\/\/www.naturadiet.com\/wp-content\/uploads\/2024\/09\/Iberico-Rice.png","contentUrl":"https:\/\/www.naturadiet.com\/wp-content\/uploads\/2024\/09\/Iberico-Rice.png","width":800,"height":800},{"@type":"BreadcrumbList","@id":"https:\/\/www.naturadiet.com\/fr\/nourriture-naturelle-pour-chien\/iberico-rice\/#breadcrumb","itemListElement":[{"@type":"ListItem","position":1,"name":"Portada","item":"https:\/\/www.naturadiet.com\/fr\/"},{"@type":"ListItem","position":2,"name":"Iberico &#038; Rice"}]},{"@type":"WebSite","@id":"https:\/\/www.naturadiet.com\/fr\/#website","url":"https:\/\/www.naturadiet.com\/fr\/","name":"Natura Diet","description":"Naturales desde 2001","potentialAction":[{"@type":"SearchAction","target":{"@type":"EntryPoint","urlTemplate":"https:\/\/www.naturadiet.com\/fr\/?s={search_term_string}"},"query-input":{"@type":"PropertyValueSpecification","valueRequired":true,"valueName":"search_term_string"}}],"inLanguage":"fr-FR"}]}},"_links":{"self":[{"href":"https:\/\/www.naturadiet.com\/fr\/wp-json\/wp\/v2\/product\/258092","targetHints":{"allow":["GET"]}}],"collection":[{"href":"https:\/\/www.naturadiet.com\/fr\/wp-json\/wp\/v2\/product"}],"about":[{"href":"https:\/\/www.naturadiet.com\/fr\/wp-json\/wp\/v2\/types\/product"}],"replies":[{"embeddable":true,"href":"https:\/\/www.naturadiet.com\/fr\/wp-json\/wp\/v2\/comments?post=258092"}],"wp:featuredmedia":[{"embeddable":true,"href":"https:\/\/www.naturadiet.com\/fr\/wp-json\/wp\/v2\/media\/258094"}],"wp:attachment":[{"href":"https:\/\/www.naturadiet.com\/fr\/wp-json\/wp\/v2\/media?parent=258092"}],"wp:term":[{"taxonomy":"product_cat","embeddable":true,"href":"https:\/\/www.naturadiet.com\/fr\/wp-json\/wp\/v2\/product_cat?post=258092"},{"taxonomy":"product_tag","embeddable":true,"href":"https:\/\/www.naturadiet.com\/fr\/wp-json\/wp\/v2\/product_tag?post=258092"}],"curies":[{"name":"wp","href":"https:\/\/api.w.org\/{rel}","templated":true}]}}