{"id":258088,"date":"2024-09-09T11:50:29","date_gmt":"2024-09-09T09:50:29","guid":{"rendered":"https:\/\/www.naturadiet.com\/producto\/fish-rice-mini-2\/"},"modified":"2024-10-23T17:49:16","modified_gmt":"2024-10-23T15:49:16","slug":"fish-rice-mini-2","status":"publish","type":"product","link":"https:\/\/www.naturadiet.com\/fr\/nourriture-naturelle-pour-chien\/fish-rice-mini-2\/","title":{"rendered":"Fish &#038; Rice Mini"},"content":{"rendered":"<p>Aliment complet, naturel, nutritif et sain, \u00e9labor\u00e9 \u00e0 partir de poisson, biologiquement adapt\u00e9 aux chiens adultes de petite race., quelle que soit leur race ou leur taille.<\/p>\n<p>Fish &amp; Rice Mini contient des ingr\u00e9dients naturels hautement digestibles au potentiel allergisant faible ou nul.<\/p>\n","protected":false},"excerpt":{"rendered":"<p>Aliment complet, naturel, nutritif et sain, \u00e9labor\u00e9 \u00e0 partir de poisson, biologiquement adapt\u00e9 aux chiens adultes de petite race., quelle que soit leur race ou leur taille. Fish &amp; Rice Mini contient des ingr\u00e9dients naturels hautement digestibles au potentiel allergisant faible ou nul.<\/p>\n","protected":false},"featured_media":258090,"comment_status":"closed","ping_status":"closed","template":"","meta":{"_acf_changed":false},"product_cat":[80],"product_tag":[],"class_list":{"0":"post-258088","1":"product","2":"type-product","3":"status-publish","4":"has-post-thumbnail","6":"beneficios-articulaciones-fr","7":"beneficios-cerebral-fr","8":"beneficios-croqueta-pequena-fr","9":"beneficios-alta-digestibilidad-fr","10":"beneficios-hipoalergenico-fr","11":"beneficios-ocular-fr","12":"beneficios-peso-ideal-fr","13":"beneficios-refuerzo-inmunitario-fr","14":"beneficios-salud-dental-fr","15":"beneficios-salud-pelo-y-piel-fr","16":"beneficios-salud-intestinal-fr","17":"product_cat-nourriture-naturelle-pour-chien","19":"first","20":"instock","21":"product-type-simple"},"acf":[],"yoast_head":"<!-- This site is optimized with the Yoast SEO plugin v23.7 - https:\/\/yoast.com\/wordpress\/plugins\/seo\/ -->\n<title>Fish &amp; Rice Mini - Natura Diet<\/title>\n<meta name=\"description\" content=\"Dieta natural, nutritiva y saludable, elaborada a base de pescado, biol\u00f3gicamente adaptada para el disfrute de los perros adultos de razas peque\u00f1as.\" \/>\n<meta name=\"robots\" content=\"index, follow, max-snippet:-1, max-image-preview:large, max-video-preview:-1\" \/>\n<link rel=\"canonical\" href=\"https:\/\/www.naturadiet.com\/fr\/nourriture-naturelle-pour-chien\/fish-rice-mini-2\/\" \/>\n<meta property=\"og:locale\" content=\"fr_FR\" \/>\n<meta property=\"og:type\" content=\"article\" \/>\n<meta property=\"og:title\" content=\"Fish &amp; Rice Mini - Natura Diet\" \/>\n<meta property=\"og:description\" content=\"Dieta natural, nutritiva y saludable, elaborada a base de pescado, biol\u00f3gicamente adaptada para el disfrute de los perros adultos de razas peque\u00f1as.\" \/>\n<meta property=\"og:url\" content=\"https:\/\/www.naturadiet.com\/fr\/nourriture-naturelle-pour-chien\/fish-rice-mini-2\/\" \/>\n<meta property=\"og:site_name\" content=\"Natura Diet\" \/>\n<meta property=\"article:modified_time\" content=\"2024-10-23T15:49:16+00:00\" \/>\n<meta property=\"og:image\" content=\"https:\/\/www.naturadiet.com\/wp-content\/uploads\/2024\/09\/Fish-Rice-Mini.png\" \/>\n\t<meta property=\"og:image:width\" content=\"800\" \/>\n\t<meta property=\"og:image:height\" content=\"800\" \/>\n\t<meta property=\"og:image:type\" content=\"image\/png\" \/>\n<meta name=\"twitter:card\" content=\"summary_large_image\" \/>\n<meta name=\"twitter:label1\" content=\"Dur\u00e9e de lecture estim\u00e9e\" \/>\n\t<meta name=\"twitter:data1\" content=\"1 minute\" \/>\n<script type=\"application\/ld+json\" class=\"yoast-schema-graph\">{\"@context\":\"https:\/\/schema.org\",\"@graph\":[{\"@type\":\"WebPage\",\"@id\":\"https:\/\/www.naturadiet.com\/fr\/nourriture-naturelle-pour-chien\/fish-rice-mini-2\/\",\"url\":\"https:\/\/www.naturadiet.com\/fr\/nourriture-naturelle-pour-chien\/fish-rice-mini-2\/\",\"name\":\"Fish & Rice Mini - Natura Diet\",\"isPartOf\":{\"@id\":\"https:\/\/www.naturadiet.com\/fr\/#website\"},\"primaryImageOfPage\":{\"@id\":\"https:\/\/www.naturadiet.com\/fr\/nourriture-naturelle-pour-chien\/fish-rice-mini-2\/#primaryimage\"},\"image\":{\"@id\":\"https:\/\/www.naturadiet.com\/fr\/nourriture-naturelle-pour-chien\/fish-rice-mini-2\/#primaryimage\"},\"thumbnailUrl\":\"https:\/\/www.naturadiet.com\/wp-content\/uploads\/2024\/09\/Fish-Rice-Mini.png\",\"datePublished\":\"2024-09-09T09:50:29+00:00\",\"dateModified\":\"2024-10-23T15:49:16+00:00\",\"description\":\"Dieta natural, nutritiva y saludable, elaborada a base de pescado, biol\u00f3gicamente adaptada para el disfrute de los perros adultos de razas peque\u00f1as.\",\"breadcrumb\":{\"@id\":\"https:\/\/www.naturadiet.com\/fr\/nourriture-naturelle-pour-chien\/fish-rice-mini-2\/#breadcrumb\"},\"inLanguage\":\"fr-FR\",\"potentialAction\":[{\"@type\":\"ReadAction\",\"target\":[\"https:\/\/www.naturadiet.com\/fr\/nourriture-naturelle-pour-chien\/fish-rice-mini-2\/\"]}]},{\"@type\":\"ImageObject\",\"inLanguage\":\"fr-FR\",\"@id\":\"https:\/\/www.naturadiet.com\/fr\/nourriture-naturelle-pour-chien\/fish-rice-mini-2\/#primaryimage\",\"url\":\"https:\/\/www.naturadiet.com\/wp-content\/uploads\/2024\/09\/Fish-Rice-Mini.png\",\"contentUrl\":\"https:\/\/www.naturadiet.com\/wp-content\/uploads\/2024\/09\/Fish-Rice-Mini.png\",\"width\":800,\"height\":800},{\"@type\":\"BreadcrumbList\",\"@id\":\"https:\/\/www.naturadiet.com\/fr\/nourriture-naturelle-pour-chien\/fish-rice-mini-2\/#breadcrumb\",\"itemListElement\":[{\"@type\":\"ListItem\",\"position\":1,\"name\":\"Portada\",\"item\":\"https:\/\/www.naturadiet.com\/fr\/\"},{\"@type\":\"ListItem\",\"position\":2,\"name\":\"Fish &#038; Rice Mini\"}]},{\"@type\":\"WebSite\",\"@id\":\"https:\/\/www.naturadiet.com\/fr\/#website\",\"url\":\"https:\/\/www.naturadiet.com\/fr\/\",\"name\":\"Natura Diet\",\"description\":\"Naturales desde 2001\",\"potentialAction\":[{\"@type\":\"SearchAction\",\"target\":{\"@type\":\"EntryPoint\",\"urlTemplate\":\"https:\/\/www.naturadiet.com\/fr\/?s={search_term_string}\"},\"query-input\":{\"@type\":\"PropertyValueSpecification\",\"valueRequired\":true,\"valueName\":\"search_term_string\"}}],\"inLanguage\":\"fr-FR\"}]}<\/script>\n<!-- \/ Yoast SEO plugin. -->","yoast_head_json":{"title":"Fish & Rice Mini - Natura Diet","description":"Dieta natural, nutritiva y saludable, elaborada a base de pescado, biol\u00f3gicamente adaptada para el disfrute de los perros adultos de razas peque\u00f1as.","robots":{"index":"index","follow":"follow","max-snippet":"max-snippet:-1","max-image-preview":"max-image-preview:large","max-video-preview":"max-video-preview:-1"},"canonical":"https:\/\/www.naturadiet.com\/fr\/nourriture-naturelle-pour-chien\/fish-rice-mini-2\/","og_locale":"fr_FR","og_type":"article","og_title":"Fish & Rice Mini - Natura Diet","og_description":"Dieta natural, nutritiva y saludable, elaborada a base de pescado, biol\u00f3gicamente adaptada para el disfrute de los perros adultos de razas peque\u00f1as.","og_url":"https:\/\/www.naturadiet.com\/fr\/nourriture-naturelle-pour-chien\/fish-rice-mini-2\/","og_site_name":"Natura Diet","article_modified_time":"2024-10-23T15:49:16+00:00","og_image":[{"width":800,"height":800,"url":"https:\/\/www.naturadiet.com\/wp-content\/uploads\/2024\/09\/Fish-Rice-Mini.png","type":"image\/png"}],"twitter_card":"summary_large_image","twitter_misc":{"Dur\u00e9e de lecture estim\u00e9e":"1 minute"},"schema":{"@context":"https:\/\/schema.org","@graph":[{"@type":"WebPage","@id":"https:\/\/www.naturadiet.com\/fr\/nourriture-naturelle-pour-chien\/fish-rice-mini-2\/","url":"https:\/\/www.naturadiet.com\/fr\/nourriture-naturelle-pour-chien\/fish-rice-mini-2\/","name":"Fish & Rice Mini - Natura Diet","isPartOf":{"@id":"https:\/\/www.naturadiet.com\/fr\/#website"},"primaryImageOfPage":{"@id":"https:\/\/www.naturadiet.com\/fr\/nourriture-naturelle-pour-chien\/fish-rice-mini-2\/#primaryimage"},"image":{"@id":"https:\/\/www.naturadiet.com\/fr\/nourriture-naturelle-pour-chien\/fish-rice-mini-2\/#primaryimage"},"thumbnailUrl":"https:\/\/www.naturadiet.com\/wp-content\/uploads\/2024\/09\/Fish-Rice-Mini.png","datePublished":"2024-09-09T09:50:29+00:00","dateModified":"2024-10-23T15:49:16+00:00","description":"Dieta natural, nutritiva y saludable, elaborada a base de pescado, biol\u00f3gicamente adaptada para el disfrute de los perros adultos de razas peque\u00f1as.","breadcrumb":{"@id":"https:\/\/www.naturadiet.com\/fr\/nourriture-naturelle-pour-chien\/fish-rice-mini-2\/#breadcrumb"},"inLanguage":"fr-FR","potentialAction":[{"@type":"ReadAction","target":["https:\/\/www.naturadiet.com\/fr\/nourriture-naturelle-pour-chien\/fish-rice-mini-2\/"]}]},{"@type":"ImageObject","inLanguage":"fr-FR","@id":"https:\/\/www.naturadiet.com\/fr\/nourriture-naturelle-pour-chien\/fish-rice-mini-2\/#primaryimage","url":"https:\/\/www.naturadiet.com\/wp-content\/uploads\/2024\/09\/Fish-Rice-Mini.png","contentUrl":"https:\/\/www.naturadiet.com\/wp-content\/uploads\/2024\/09\/Fish-Rice-Mini.png","width":800,"height":800},{"@type":"BreadcrumbList","@id":"https:\/\/www.naturadiet.com\/fr\/nourriture-naturelle-pour-chien\/fish-rice-mini-2\/#breadcrumb","itemListElement":[{"@type":"ListItem","position":1,"name":"Portada","item":"https:\/\/www.naturadiet.com\/fr\/"},{"@type":"ListItem","position":2,"name":"Fish &#038; Rice Mini"}]},{"@type":"WebSite","@id":"https:\/\/www.naturadiet.com\/fr\/#website","url":"https:\/\/www.naturadiet.com\/fr\/","name":"Natura Diet","description":"Naturales desde 2001","potentialAction":[{"@type":"SearchAction","target":{"@type":"EntryPoint","urlTemplate":"https:\/\/www.naturadiet.com\/fr\/?s={search_term_string}"},"query-input":{"@type":"PropertyValueSpecification","valueRequired":true,"valueName":"search_term_string"}}],"inLanguage":"fr-FR"}]}},"_links":{"self":[{"href":"https:\/\/www.naturadiet.com\/fr\/wp-json\/wp\/v2\/product\/258088","targetHints":{"allow":["GET"]}}],"collection":[{"href":"https:\/\/www.naturadiet.com\/fr\/wp-json\/wp\/v2\/product"}],"about":[{"href":"https:\/\/www.naturadiet.com\/fr\/wp-json\/wp\/v2\/types\/product"}],"replies":[{"embeddable":true,"href":"https:\/\/www.naturadiet.com\/fr\/wp-json\/wp\/v2\/comments?post=258088"}],"wp:featuredmedia":[{"embeddable":true,"href":"https:\/\/www.naturadiet.com\/fr\/wp-json\/wp\/v2\/media\/258090"}],"wp:attachment":[{"href":"https:\/\/www.naturadiet.com\/fr\/wp-json\/wp\/v2\/media?parent=258088"}],"wp:term":[{"taxonomy":"product_cat","embeddable":true,"href":"https:\/\/www.naturadiet.com\/fr\/wp-json\/wp\/v2\/product_cat?post=258088"},{"taxonomy":"product_tag","embeddable":true,"href":"https:\/\/www.naturadiet.com\/fr\/wp-json\/wp\/v2\/product_tag?post=258088"}],"curies":[{"name":"wp","href":"https:\/\/api.w.org\/{rel}","templated":true}]}}