{"id":258060,"date":"2024-09-09T11:50:39","date_gmt":"2024-09-09T09:50:39","guid":{"rendered":"https:\/\/www.naturadiet.com\/producto\/adult-chicken\/"},"modified":"2025-07-31T08:56:45","modified_gmt":"2025-07-31T06:56:45","slug":"adult-chicken","status":"publish","type":"product","link":"https:\/\/www.naturadiet.com\/fr\/nourriture-naturelle-pour-chat\/adult-chicken\/","title":{"rendered":"Adult Chicken &#038; Vegs"},"content":{"rendered":"<p>Aliment complet, naturel, nutritif et sain, biologiquement adapt\u00e9 pour le plaisir des chats adultes.<\/p>\n<p>Sa s\u00e9lection sp\u00e9ciale d\u2019ingr\u00e9dients aide \u00e0 r\u00e9guler le stress et l&rsquo;\u00e9quilibre \u00e9motionnel tout en prenant soin de leur appareil urinaire et digestif.<\/p>\n","protected":false},"excerpt":{"rendered":"<p>Aliment complet, naturel, nutritif et sain, biologiquement adapt\u00e9 pour le plaisir des chats adultes. Sa s\u00e9lection sp\u00e9ciale d\u2019ingr\u00e9dients aide \u00e0 r\u00e9guler le stress et l&rsquo;\u00e9quilibre \u00e9motionnel tout en prenant soin de leur appareil urinaire et digestif.<\/p>\n","protected":false},"featured_media":258062,"comment_status":"closed","ping_status":"closed","template":"","meta":{"_acf_changed":false},"product_cat":[82],"product_tag":[],"class_list":{"0":"post-258060","1":"product","2":"type-product","3":"status-publish","4":"has-post-thumbnail","6":"product_cat-nourriture-naturelle-pour-chat","8":"first","9":"instock","10":"product-type-simple"},"acf":[],"yoast_head":"<!-- This site is optimized with the Yoast SEO plugin v23.7 - https:\/\/yoast.com\/wordpress\/plugins\/seo\/ -->\n<title>Adult Chicken &amp; Vegs - Natura Diet<\/title>\n<meta name=\"description\" content=\"Su especial selecci\u00f3n de ingredientes cuida su sistema urinario y digestivo y aporta un irresistible sabor. Alimento completo para el disfrute de los gatos adultos.\" \/>\n<meta name=\"robots\" content=\"index, follow, max-snippet:-1, max-image-preview:large, max-video-preview:-1\" \/>\n<link rel=\"canonical\" href=\"https:\/\/www.naturadiet.com\/fr\/nourriture-naturelle-pour-chat\/adult-chicken\/\" \/>\n<meta property=\"og:locale\" content=\"fr_FR\" \/>\n<meta property=\"og:type\" content=\"article\" \/>\n<meta property=\"og:title\" content=\"Adult Chicken &amp; Vegs - Natura Diet\" \/>\n<meta property=\"og:description\" content=\"Su especial selecci\u00f3n de ingredientes cuida su sistema urinario y digestivo y aporta un irresistible sabor. Alimento completo para el disfrute de los gatos adultos.\" \/>\n<meta property=\"og:url\" content=\"https:\/\/www.naturadiet.com\/fr\/nourriture-naturelle-pour-chat\/adult-chicken\/\" \/>\n<meta property=\"og:site_name\" content=\"Natura Diet\" \/>\n<meta property=\"article:modified_time\" content=\"2025-07-31T06:56:45+00:00\" \/>\n<meta property=\"og:image\" content=\"https:\/\/www.naturadiet.com\/wp-content\/uploads\/2024\/09\/CAT-Adult-Chicken-Vegs.png\" \/>\n\t<meta property=\"og:image:width\" content=\"800\" \/>\n\t<meta property=\"og:image:height\" content=\"800\" \/>\n\t<meta property=\"og:image:type\" content=\"image\/png\" \/>\n<meta name=\"twitter:card\" content=\"summary_large_image\" \/>\n<meta name=\"twitter:label1\" content=\"Dur\u00e9e de lecture estim\u00e9e\" \/>\n\t<meta name=\"twitter:data1\" content=\"1 minute\" \/>\n<script type=\"application\/ld+json\" class=\"yoast-schema-graph\">{\"@context\":\"https:\/\/schema.org\",\"@graph\":[{\"@type\":\"WebPage\",\"@id\":\"https:\/\/www.naturadiet.com\/fr\/nourriture-naturelle-pour-chat\/adult-chicken\/\",\"url\":\"https:\/\/www.naturadiet.com\/fr\/nourriture-naturelle-pour-chat\/adult-chicken\/\",\"name\":\"Adult Chicken & Vegs - Natura Diet\",\"isPartOf\":{\"@id\":\"https:\/\/www.naturadiet.com\/fr\/#website\"},\"primaryImageOfPage\":{\"@id\":\"https:\/\/www.naturadiet.com\/fr\/nourriture-naturelle-pour-chat\/adult-chicken\/#primaryimage\"},\"image\":{\"@id\":\"https:\/\/www.naturadiet.com\/fr\/nourriture-naturelle-pour-chat\/adult-chicken\/#primaryimage\"},\"thumbnailUrl\":\"https:\/\/www.naturadiet.com\/wp-content\/uploads\/2024\/09\/CAT-Adult-Chicken-Vegs.png\",\"datePublished\":\"2024-09-09T09:50:39+00:00\",\"dateModified\":\"2025-07-31T06:56:45+00:00\",\"description\":\"Su especial selecci\u00f3n de ingredientes cuida su sistema urinario y digestivo y aporta un irresistible sabor. Alimento completo para el disfrute de los gatos adultos.\",\"breadcrumb\":{\"@id\":\"https:\/\/www.naturadiet.com\/fr\/nourriture-naturelle-pour-chat\/adult-chicken\/#breadcrumb\"},\"inLanguage\":\"fr-FR\",\"potentialAction\":[{\"@type\":\"ReadAction\",\"target\":[\"https:\/\/www.naturadiet.com\/fr\/nourriture-naturelle-pour-chat\/adult-chicken\/\"]}]},{\"@type\":\"ImageObject\",\"inLanguage\":\"fr-FR\",\"@id\":\"https:\/\/www.naturadiet.com\/fr\/nourriture-naturelle-pour-chat\/adult-chicken\/#primaryimage\",\"url\":\"https:\/\/www.naturadiet.com\/wp-content\/uploads\/2024\/09\/CAT-Adult-Chicken-Vegs.png\",\"contentUrl\":\"https:\/\/www.naturadiet.com\/wp-content\/uploads\/2024\/09\/CAT-Adult-Chicken-Vegs.png\",\"width\":800,\"height\":800},{\"@type\":\"BreadcrumbList\",\"@id\":\"https:\/\/www.naturadiet.com\/fr\/nourriture-naturelle-pour-chat\/adult-chicken\/#breadcrumb\",\"itemListElement\":[{\"@type\":\"ListItem\",\"position\":1,\"name\":\"Portada\",\"item\":\"https:\/\/www.naturadiet.com\/fr\/\"},{\"@type\":\"ListItem\",\"position\":2,\"name\":\"Adult Chicken &#038; Vegs\"}]},{\"@type\":\"WebSite\",\"@id\":\"https:\/\/www.naturadiet.com\/fr\/#website\",\"url\":\"https:\/\/www.naturadiet.com\/fr\/\",\"name\":\"Natura Diet\",\"description\":\"Naturales desde 2001\",\"potentialAction\":[{\"@type\":\"SearchAction\",\"target\":{\"@type\":\"EntryPoint\",\"urlTemplate\":\"https:\/\/www.naturadiet.com\/fr\/?s={search_term_string}\"},\"query-input\":{\"@type\":\"PropertyValueSpecification\",\"valueRequired\":true,\"valueName\":\"search_term_string\"}}],\"inLanguage\":\"fr-FR\"}]}<\/script>\n<!-- \/ Yoast SEO plugin. -->","yoast_head_json":{"title":"Adult Chicken & Vegs - Natura Diet","description":"Su especial selecci\u00f3n de ingredientes cuida su sistema urinario y digestivo y aporta un irresistible sabor. Alimento completo para el disfrute de los gatos adultos.","robots":{"index":"index","follow":"follow","max-snippet":"max-snippet:-1","max-image-preview":"max-image-preview:large","max-video-preview":"max-video-preview:-1"},"canonical":"https:\/\/www.naturadiet.com\/fr\/nourriture-naturelle-pour-chat\/adult-chicken\/","og_locale":"fr_FR","og_type":"article","og_title":"Adult Chicken & Vegs - Natura Diet","og_description":"Su especial selecci\u00f3n de ingredientes cuida su sistema urinario y digestivo y aporta un irresistible sabor. Alimento completo para el disfrute de los gatos adultos.","og_url":"https:\/\/www.naturadiet.com\/fr\/nourriture-naturelle-pour-chat\/adult-chicken\/","og_site_name":"Natura Diet","article_modified_time":"2025-07-31T06:56:45+00:00","og_image":[{"width":800,"height":800,"url":"https:\/\/www.naturadiet.com\/wp-content\/uploads\/2024\/09\/CAT-Adult-Chicken-Vegs.png","type":"image\/png"}],"twitter_card":"summary_large_image","twitter_misc":{"Dur\u00e9e de lecture estim\u00e9e":"1 minute"},"schema":{"@context":"https:\/\/schema.org","@graph":[{"@type":"WebPage","@id":"https:\/\/www.naturadiet.com\/fr\/nourriture-naturelle-pour-chat\/adult-chicken\/","url":"https:\/\/www.naturadiet.com\/fr\/nourriture-naturelle-pour-chat\/adult-chicken\/","name":"Adult Chicken & Vegs - Natura Diet","isPartOf":{"@id":"https:\/\/www.naturadiet.com\/fr\/#website"},"primaryImageOfPage":{"@id":"https:\/\/www.naturadiet.com\/fr\/nourriture-naturelle-pour-chat\/adult-chicken\/#primaryimage"},"image":{"@id":"https:\/\/www.naturadiet.com\/fr\/nourriture-naturelle-pour-chat\/adult-chicken\/#primaryimage"},"thumbnailUrl":"https:\/\/www.naturadiet.com\/wp-content\/uploads\/2024\/09\/CAT-Adult-Chicken-Vegs.png","datePublished":"2024-09-09T09:50:39+00:00","dateModified":"2025-07-31T06:56:45+00:00","description":"Su especial selecci\u00f3n de ingredientes cuida su sistema urinario y digestivo y aporta un irresistible sabor. Alimento completo para el disfrute de los gatos adultos.","breadcrumb":{"@id":"https:\/\/www.naturadiet.com\/fr\/nourriture-naturelle-pour-chat\/adult-chicken\/#breadcrumb"},"inLanguage":"fr-FR","potentialAction":[{"@type":"ReadAction","target":["https:\/\/www.naturadiet.com\/fr\/nourriture-naturelle-pour-chat\/adult-chicken\/"]}]},{"@type":"ImageObject","inLanguage":"fr-FR","@id":"https:\/\/www.naturadiet.com\/fr\/nourriture-naturelle-pour-chat\/adult-chicken\/#primaryimage","url":"https:\/\/www.naturadiet.com\/wp-content\/uploads\/2024\/09\/CAT-Adult-Chicken-Vegs.png","contentUrl":"https:\/\/www.naturadiet.com\/wp-content\/uploads\/2024\/09\/CAT-Adult-Chicken-Vegs.png","width":800,"height":800},{"@type":"BreadcrumbList","@id":"https:\/\/www.naturadiet.com\/fr\/nourriture-naturelle-pour-chat\/adult-chicken\/#breadcrumb","itemListElement":[{"@type":"ListItem","position":1,"name":"Portada","item":"https:\/\/www.naturadiet.com\/fr\/"},{"@type":"ListItem","position":2,"name":"Adult Chicken &#038; Vegs"}]},{"@type":"WebSite","@id":"https:\/\/www.naturadiet.com\/fr\/#website","url":"https:\/\/www.naturadiet.com\/fr\/","name":"Natura Diet","description":"Naturales desde 2001","potentialAction":[{"@type":"SearchAction","target":{"@type":"EntryPoint","urlTemplate":"https:\/\/www.naturadiet.com\/fr\/?s={search_term_string}"},"query-input":{"@type":"PropertyValueSpecification","valueRequired":true,"valueName":"search_term_string"}}],"inLanguage":"fr-FR"}]}},"_links":{"self":[{"href":"https:\/\/www.naturadiet.com\/fr\/wp-json\/wp\/v2\/product\/258060","targetHints":{"allow":["GET"]}}],"collection":[{"href":"https:\/\/www.naturadiet.com\/fr\/wp-json\/wp\/v2\/product"}],"about":[{"href":"https:\/\/www.naturadiet.com\/fr\/wp-json\/wp\/v2\/types\/product"}],"replies":[{"embeddable":true,"href":"https:\/\/www.naturadiet.com\/fr\/wp-json\/wp\/v2\/comments?post=258060"}],"wp:featuredmedia":[{"embeddable":true,"href":"https:\/\/www.naturadiet.com\/fr\/wp-json\/wp\/v2\/media\/258062"}],"wp:attachment":[{"href":"https:\/\/www.naturadiet.com\/fr\/wp-json\/wp\/v2\/media?parent=258060"}],"wp:term":[{"taxonomy":"product_cat","embeddable":true,"href":"https:\/\/www.naturadiet.com\/fr\/wp-json\/wp\/v2\/product_cat?post=258060"},{"taxonomy":"product_tag","embeddable":true,"href":"https:\/\/www.naturadiet.com\/fr\/wp-json\/wp\/v2\/product_tag?post=258060"}],"curies":[{"name":"wp","href":"https:\/\/api.w.org\/{rel}","templated":true}]}}