{"id":258036,"date":"2024-09-09T11:50:45","date_gmt":"2024-09-09T09:50:45","guid":{"rendered":"https:\/\/www.naturadiet.com\/producto\/sterilized-salmon\/"},"modified":"2024-10-23T17:40:06","modified_gmt":"2024-10-23T15:40:06","slug":"sterilized-salmon","status":"publish","type":"product","link":"https:\/\/www.naturadiet.com\/fr\/nourriture-naturelle-pour-chat\/sterilized-salmon\/","title":{"rendered":"Sterilized Salmon &#038; Vegs"},"content":{"rendered":"<p>Aliment complet naturel, d\u00e9licieux et sain, biologiquement adapt\u00e9 pour le plaisir des chats plus exigeants st\u00e9rilis\u00e9s ou qui n\u00e9cessitent un contr\u00f4le du poids.<\/p>\n<p>Sa s\u00e9lection sp\u00e9ciale d\u2019ingr\u00e9dients et son apport faible en calories, prend soin de leur appareil urinaire et digestif, tout en aidant \u00e0 r\u00e9guler le stress et l&rsquo;\u00e9quilibre \u00e9motionnel.<\/p>\n","protected":false},"excerpt":{"rendered":"<p>Aliment complet naturel, d\u00e9licieux et sain, biologiquement adapt\u00e9 pour le plaisir des chats plus exigeants st\u00e9rilis\u00e9s ou qui n\u00e9cessitent un contr\u00f4le du poids. Sa s\u00e9lection sp\u00e9ciale d\u2019ingr\u00e9dients et son apport faible en calories, prend soin de leur appareil urinaire et digestif, tout en aidant \u00e0 r\u00e9guler le stress et l&rsquo;\u00e9quilibre \u00e9motionnel.<\/p>\n","protected":false},"featured_media":258038,"comment_status":"closed","ping_status":"closed","template":"","meta":{"_acf_changed":false},"product_cat":[82],"product_tag":[],"class_list":{"0":"post-258036","1":"product","2":"type-product","3":"status-publish","4":"has-post-thumbnail","6":"beneficios-articulaciones-fr","7":"beneficios-cerebral-fr","8":"beneficios-alta-digestibilidad-fr","9":"beneficios-ocular-fr","10":"beneficios-peso-ideal-fr","11":"beneficios-refuerzo-inmunitario-fr","12":"beneficios-salud-dental-fr","13":"beneficios-salud-pelo-y-piel-fr","14":"beneficios-salud-intestinal-fr","15":"product_cat-nourriture-naturelle-pour-chat","17":"first","18":"instock","19":"product-type-simple"},"acf":[],"yoast_head":"<!-- This site is optimized with the Yoast SEO plugin v23.7 - https:\/\/yoast.com\/wordpress\/plugins\/seo\/ -->\n<title>Sterilized Salmon &amp; Vegs - Natura Diet<\/title>\n<meta name=\"description\" content=\"Sterilized Salmon &amp; Vegs - Original - Alimento natural para gatosAlimento completo natural, exquisito y saludable biol\u00f3gicamente adaptado para el disfrute de gatos m\u00e1s exigentes esterilizados o que requieran un control de peso.\" \/>\n<meta name=\"robots\" content=\"index, follow, max-snippet:-1, max-image-preview:large, max-video-preview:-1\" \/>\n<link rel=\"canonical\" href=\"https:\/\/www.naturadiet.com\/fr\/nourriture-naturelle-pour-chat\/sterilized-salmon\/\" \/>\n<meta property=\"og:locale\" content=\"fr_FR\" \/>\n<meta property=\"og:type\" content=\"article\" \/>\n<meta property=\"og:title\" content=\"Sterilized Salmon &amp; Vegs - Natura Diet\" \/>\n<meta property=\"og:description\" content=\"Sterilized Salmon &amp; Vegs - Original - Alimento natural para gatosAlimento completo natural, exquisito y saludable biol\u00f3gicamente adaptado para el disfrute de gatos m\u00e1s exigentes esterilizados o que requieran un control de peso.\" \/>\n<meta property=\"og:url\" content=\"https:\/\/www.naturadiet.com\/fr\/nourriture-naturelle-pour-chat\/sterilized-salmon\/\" \/>\n<meta property=\"og:site_name\" content=\"Natura Diet\" \/>\n<meta property=\"article:modified_time\" content=\"2024-10-23T15:40:06+00:00\" \/>\n<meta property=\"og:image\" content=\"https:\/\/www.naturadiet.com\/wp-content\/uploads\/2024\/09\/CAT-STE-Salmon-Vegs.png\" \/>\n\t<meta property=\"og:image:width\" content=\"800\" \/>\n\t<meta property=\"og:image:height\" content=\"800\" \/>\n\t<meta property=\"og:image:type\" content=\"image\/png\" \/>\n<meta name=\"twitter:card\" content=\"summary_large_image\" \/>\n<meta name=\"twitter:label1\" content=\"Dur\u00e9e de lecture estim\u00e9e\" \/>\n\t<meta name=\"twitter:data1\" content=\"1 minute\" \/>\n<script type=\"application\/ld+json\" class=\"yoast-schema-graph\">{\"@context\":\"https:\/\/schema.org\",\"@graph\":[{\"@type\":\"WebPage\",\"@id\":\"https:\/\/www.naturadiet.com\/fr\/nourriture-naturelle-pour-chat\/sterilized-salmon\/\",\"url\":\"https:\/\/www.naturadiet.com\/fr\/nourriture-naturelle-pour-chat\/sterilized-salmon\/\",\"name\":\"Sterilized Salmon & Vegs - Natura Diet\",\"isPartOf\":{\"@id\":\"https:\/\/www.naturadiet.com\/fr\/#website\"},\"primaryImageOfPage\":{\"@id\":\"https:\/\/www.naturadiet.com\/fr\/nourriture-naturelle-pour-chat\/sterilized-salmon\/#primaryimage\"},\"image\":{\"@id\":\"https:\/\/www.naturadiet.com\/fr\/nourriture-naturelle-pour-chat\/sterilized-salmon\/#primaryimage\"},\"thumbnailUrl\":\"https:\/\/www.naturadiet.com\/wp-content\/uploads\/2024\/09\/CAT-STE-Salmon-Vegs.png\",\"datePublished\":\"2024-09-09T09:50:45+00:00\",\"dateModified\":\"2024-10-23T15:40:06+00:00\",\"description\":\"Sterilized Salmon & Vegs - Original - Alimento natural para gatosAlimento completo natural, exquisito y saludable biol\u00f3gicamente adaptado para el disfrute de gatos m\u00e1s exigentes esterilizados o que requieran un control de peso.\",\"breadcrumb\":{\"@id\":\"https:\/\/www.naturadiet.com\/fr\/nourriture-naturelle-pour-chat\/sterilized-salmon\/#breadcrumb\"},\"inLanguage\":\"fr-FR\",\"potentialAction\":[{\"@type\":\"ReadAction\",\"target\":[\"https:\/\/www.naturadiet.com\/fr\/nourriture-naturelle-pour-chat\/sterilized-salmon\/\"]}]},{\"@type\":\"ImageObject\",\"inLanguage\":\"fr-FR\",\"@id\":\"https:\/\/www.naturadiet.com\/fr\/nourriture-naturelle-pour-chat\/sterilized-salmon\/#primaryimage\",\"url\":\"https:\/\/www.naturadiet.com\/wp-content\/uploads\/2024\/09\/CAT-STE-Salmon-Vegs.png\",\"contentUrl\":\"https:\/\/www.naturadiet.com\/wp-content\/uploads\/2024\/09\/CAT-STE-Salmon-Vegs.png\",\"width\":800,\"height\":800},{\"@type\":\"BreadcrumbList\",\"@id\":\"https:\/\/www.naturadiet.com\/fr\/nourriture-naturelle-pour-chat\/sterilized-salmon\/#breadcrumb\",\"itemListElement\":[{\"@type\":\"ListItem\",\"position\":1,\"name\":\"Portada\",\"item\":\"https:\/\/www.naturadiet.com\/fr\/\"},{\"@type\":\"ListItem\",\"position\":2,\"name\":\"Sterilized Salmon &#038; Vegs\"}]},{\"@type\":\"WebSite\",\"@id\":\"https:\/\/www.naturadiet.com\/fr\/#website\",\"url\":\"https:\/\/www.naturadiet.com\/fr\/\",\"name\":\"Natura Diet\",\"description\":\"Naturales desde 2001\",\"potentialAction\":[{\"@type\":\"SearchAction\",\"target\":{\"@type\":\"EntryPoint\",\"urlTemplate\":\"https:\/\/www.naturadiet.com\/fr\/?s={search_term_string}\"},\"query-input\":{\"@type\":\"PropertyValueSpecification\",\"valueRequired\":true,\"valueName\":\"search_term_string\"}}],\"inLanguage\":\"fr-FR\"}]}<\/script>\n<!-- \/ Yoast SEO plugin. -->","yoast_head_json":{"title":"Sterilized Salmon & Vegs - Natura Diet","description":"Sterilized Salmon & Vegs - Original - Alimento natural para gatosAlimento completo natural, exquisito y saludable biol\u00f3gicamente adaptado para el disfrute de gatos m\u00e1s exigentes esterilizados o que requieran un control de peso.","robots":{"index":"index","follow":"follow","max-snippet":"max-snippet:-1","max-image-preview":"max-image-preview:large","max-video-preview":"max-video-preview:-1"},"canonical":"https:\/\/www.naturadiet.com\/fr\/nourriture-naturelle-pour-chat\/sterilized-salmon\/","og_locale":"fr_FR","og_type":"article","og_title":"Sterilized Salmon & Vegs - Natura Diet","og_description":"Sterilized Salmon & Vegs - Original - Alimento natural para gatosAlimento completo natural, exquisito y saludable biol\u00f3gicamente adaptado para el disfrute de gatos m\u00e1s exigentes esterilizados o que requieran un control de peso.","og_url":"https:\/\/www.naturadiet.com\/fr\/nourriture-naturelle-pour-chat\/sterilized-salmon\/","og_site_name":"Natura Diet","article_modified_time":"2024-10-23T15:40:06+00:00","og_image":[{"width":800,"height":800,"url":"https:\/\/www.naturadiet.com\/wp-content\/uploads\/2024\/09\/CAT-STE-Salmon-Vegs.png","type":"image\/png"}],"twitter_card":"summary_large_image","twitter_misc":{"Dur\u00e9e de lecture estim\u00e9e":"1 minute"},"schema":{"@context":"https:\/\/schema.org","@graph":[{"@type":"WebPage","@id":"https:\/\/www.naturadiet.com\/fr\/nourriture-naturelle-pour-chat\/sterilized-salmon\/","url":"https:\/\/www.naturadiet.com\/fr\/nourriture-naturelle-pour-chat\/sterilized-salmon\/","name":"Sterilized Salmon & Vegs - Natura Diet","isPartOf":{"@id":"https:\/\/www.naturadiet.com\/fr\/#website"},"primaryImageOfPage":{"@id":"https:\/\/www.naturadiet.com\/fr\/nourriture-naturelle-pour-chat\/sterilized-salmon\/#primaryimage"},"image":{"@id":"https:\/\/www.naturadiet.com\/fr\/nourriture-naturelle-pour-chat\/sterilized-salmon\/#primaryimage"},"thumbnailUrl":"https:\/\/www.naturadiet.com\/wp-content\/uploads\/2024\/09\/CAT-STE-Salmon-Vegs.png","datePublished":"2024-09-09T09:50:45+00:00","dateModified":"2024-10-23T15:40:06+00:00","description":"Sterilized Salmon & Vegs - Original - Alimento natural para gatosAlimento completo natural, exquisito y saludable biol\u00f3gicamente adaptado para el disfrute de gatos m\u00e1s exigentes esterilizados o que requieran un control de peso.","breadcrumb":{"@id":"https:\/\/www.naturadiet.com\/fr\/nourriture-naturelle-pour-chat\/sterilized-salmon\/#breadcrumb"},"inLanguage":"fr-FR","potentialAction":[{"@type":"ReadAction","target":["https:\/\/www.naturadiet.com\/fr\/nourriture-naturelle-pour-chat\/sterilized-salmon\/"]}]},{"@type":"ImageObject","inLanguage":"fr-FR","@id":"https:\/\/www.naturadiet.com\/fr\/nourriture-naturelle-pour-chat\/sterilized-salmon\/#primaryimage","url":"https:\/\/www.naturadiet.com\/wp-content\/uploads\/2024\/09\/CAT-STE-Salmon-Vegs.png","contentUrl":"https:\/\/www.naturadiet.com\/wp-content\/uploads\/2024\/09\/CAT-STE-Salmon-Vegs.png","width":800,"height":800},{"@type":"BreadcrumbList","@id":"https:\/\/www.naturadiet.com\/fr\/nourriture-naturelle-pour-chat\/sterilized-salmon\/#breadcrumb","itemListElement":[{"@type":"ListItem","position":1,"name":"Portada","item":"https:\/\/www.naturadiet.com\/fr\/"},{"@type":"ListItem","position":2,"name":"Sterilized Salmon &#038; Vegs"}]},{"@type":"WebSite","@id":"https:\/\/www.naturadiet.com\/fr\/#website","url":"https:\/\/www.naturadiet.com\/fr\/","name":"Natura Diet","description":"Naturales desde 2001","potentialAction":[{"@type":"SearchAction","target":{"@type":"EntryPoint","urlTemplate":"https:\/\/www.naturadiet.com\/fr\/?s={search_term_string}"},"query-input":{"@type":"PropertyValueSpecification","valueRequired":true,"valueName":"search_term_string"}}],"inLanguage":"fr-FR"}]}},"_links":{"self":[{"href":"https:\/\/www.naturadiet.com\/fr\/wp-json\/wp\/v2\/product\/258036","targetHints":{"allow":["GET"]}}],"collection":[{"href":"https:\/\/www.naturadiet.com\/fr\/wp-json\/wp\/v2\/product"}],"about":[{"href":"https:\/\/www.naturadiet.com\/fr\/wp-json\/wp\/v2\/types\/product"}],"replies":[{"embeddable":true,"href":"https:\/\/www.naturadiet.com\/fr\/wp-json\/wp\/v2\/comments?post=258036"}],"wp:featuredmedia":[{"embeddable":true,"href":"https:\/\/www.naturadiet.com\/fr\/wp-json\/wp\/v2\/media\/258038"}],"wp:attachment":[{"href":"https:\/\/www.naturadiet.com\/fr\/wp-json\/wp\/v2\/media?parent=258036"}],"wp:term":[{"taxonomy":"product_cat","embeddable":true,"href":"https:\/\/www.naturadiet.com\/fr\/wp-json\/wp\/v2\/product_cat?post=258036"},{"taxonomy":"product_tag","embeddable":true,"href":"https:\/\/www.naturadiet.com\/fr\/wp-json\/wp\/v2\/product_tag?post=258036"}],"curies":[{"name":"wp","href":"https:\/\/api.w.org\/{rel}","templated":true}]}}