{"id":257785,"date":"2023-11-06T09:18:27","date_gmt":"2023-11-06T08:18:27","guid":{"rendered":"https:\/\/www.naturadiet.com\/politica-privacidad\/"},"modified":"2024-10-28T12:09:03","modified_gmt":"2024-10-28T11:09:03","slug":"politica-privacidad","status":"publish","type":"page","link":"https:\/\/www.naturadiet.com\/fr\/politique-de-confidentialite\/","title":{"rendered":"Politique de Confidentialit\u00e8"},"content":{"rendered":"<p><strong>I. Pr\u00e9sentation et droit \u00e0 l\u2019information<\/strong><\/p><p>DINGONATURAS.L. (ci-apr\u00e8s d\u00e9nomm\u00e9 \u00abNATURA DIET\u00bb), dont le si\u00e8ge social se situe \u00e0 Calle de la Electr\u00f3nica, 16 Pol\u00edgono la Ferrer\u00eda, 08110 Montcada i Reixac, Barcelone, Espagne et dont le num\u00e9ro d\u2019identification fiscale est le B-62546791, atteste respecter la loi de protection des donn\u00e9es personnelles et mettre en place tous les m\u00e9canismes et proc\u00e9dures de s\u00e9curit\u00e9 n\u00e9cessaires pour assurer la protection des donn\u00e9es des utilisateurs.<\/p><p>NATURA DIET d\u00e9clare que vos donn\u00e9es personnelles sont stock\u00e9es de mani\u00e8re s\u00e9curis\u00e9e et trait\u00e9es avec le plus grand soin et atteste respecter dans son int\u00e9gralit\u00e9 la loi portant sur la protection des donn\u00e9es personnelles.<\/p><p><strong>II. recommandations<\/strong><\/p><p>Merci de lire attentivement et de respecter les recommandations suivantes :<\/p><p>Utilisez des mots de passe d\u2019au moins 8 caract\u00e8res alphanum\u00e9riques comportant des majuscules et des minuscules.<br>Prot\u00e9gez votre appareil avec un logiciel antivirus install\u00e9 et d\u00fbment mis \u00e0 jour qui vous assure que votre appareil est exempt de logiciels destructeurs ainsi que d\u2019applications-espionnes qui rendent risqu\u00e9e votre navigation sur Internet et menacent les informations contenues dans votre appareil.<br>Examinez et lisez les textes de loi que NATURA DIET met \u00e0 disposition sur le site Internet.<\/p><p><strong>III. Traitement des donn\u00e9es personnelles. but du traitement<\/strong><\/p><p>La pr\u00e9sente politique de confidentialit\u00e9 \u00e9tablit les conditions d\u2019acc\u00e8s et d\u2019utilisation des services du site Internet www.dingonatura.com (ci-apr\u00e8s d\u00e9nomm\u00e9 \u00able site Internet\u00bb), propri\u00e9t\u00e9 de NATURA DIET.<\/p><p>NATURA DIET d\u00e9clare demander aux utilisateurs uniquement les donn\u00e9es personnelles strictement n\u00e9cessaires et conserver celles-ci sans limites de dur\u00e9e tant que l\u2019utilisateur ne demande pas la suppression des donn\u00e9es en question.<\/p><p>Les donn\u00e9es concern\u00e9es sont celles que vous nous transmettez ou qui peuvent \u00eatre recueillies sur le site Internet appartenant \u00e0 NATURA DIET via les formulaires de contact ou par tout autre moyen.<\/p><p>Tous les champs des formulaires de saisie de donn\u00e9es doivent \u00eatre obligatoirement remplis (sauf indication contraire) :si vous en oubliez un, il nous sera impossible de r\u00e9pondre \u00e0 votre demande ou de vous fournir le service requis.<\/p><p>NATURA DIET vous informe que les donn\u00e9es personnelles que vous fournissez via le pr\u00e9sent site Internet seront enregistr\u00e9es dans un fichier automatis\u00e9 de donn\u00e9es \u00e0 caract\u00e8re personnel d\u00fbment inscrit au Registre G\u00e9n\u00e9ral de Protection des Donn\u00e9es de l\u2019Agence Espagnole de Protection des Donn\u00e9es et dont NATURA DIET est responsable, conform\u00e9ment aux dispositions de la loi sur la protection des donn\u00e9es personnelles.<\/p><p>(i) But du traitement :<\/p><p>L\u2019utilisateur autorise et donne son consentement expr\u00e8s \u00e0 NATURA DIET concernant le traitement de ses donn\u00e9es personnelles pour remplir les objectifs suivants :<\/p><p>L\u2019identifier comme utilisateur au moment o\u00f9 il se connecte sur le site Internet.<br>Lui fournirles informations qu\u2019il a demand\u00e9es via le formulaire de contact.<br>L\u2019informer des \u00e9ventuelles promotions et remises sur les produits et les services de NATURA DIET.<br>R\u00e9pondre \u00e0 toute question ou tout doute qu\u2019il puisse avoir quant aux services et aux produits de NATURA DIET, en r\u00e9pondant de mani\u00e8re fiable et rapide \u00e0 toutes les demandes, inqui\u00e9tudes ou suggestions qu\u2019il nous fait parvenir.<br>Envoyer des newsletters.<br>NATURA DIET pourra vous envoyer des newsletters ainsi que des messages commerciaux et promotionnels li\u00e9s aux services de NATURA DIET par courrier, t\u00e9l\u00e9phone, email, SMS\/MMS ou par d\u2019autres moyens de communication \u00e9lectronique \u00e9quivalents et ce conform\u00e9ment aux dispositions de la loi en vigueur concernant la protection des donn\u00e9es personnelles et les services de la soci\u00e9t\u00e9 de l\u2019information.<\/p><p>Conform\u00e9ment au principe de limitation du traitement des donn\u00e9es \u00e0 caract\u00e8re personnel d\u00e9fini dans le r\u00e8glement (UE) 2016\/679 du Parlement Europ\u00e9en et du Conseil en date du 27 avril 2016, relatif \u00e0 la protection des personnes physiques \u00e0 l\u2019\u00e9gard du traitement des donn\u00e9es \u00e0 caract\u00e8re personnel et \u00e0 la libre circulation de ces donn\u00e9es, nous informons l\u2019utilisateur que ses donn\u00e9es seront recueillies uniquement pour remplir les objectifs d\u00e9crits dans les paragraphes pr\u00e9c\u00e9dents et ne seront pas trait\u00e9es de mani\u00e8re incompatible avec ces objectifs.<\/p><p>(ii) \u00c9laboration de profils :<\/p><p>De m\u00eame, l\u2019utilisateur consent explicitement au traitement de ses donn\u00e9es personnelles dans le cadre de l\u2019\u00e9laboration de profils ainsi qu\u2019\u00e0 la segmentation de ses donn\u00e9es. Les traitements mentionn\u00e9s peuvent avoir pour but l\u2019analyse et la r\u00e9alisation de statistiques pour conna\u00eetre le trafic et l\u2019utilisation de la plateforme par les utilisateurs, ainsi que la d\u00e9termination de leurs go\u00fbts et pr\u00e9f\u00e9rences dans le but de leur offrir un service adapt\u00e9 \u00e0 leurs pr\u00e9f\u00e9rences et des informations promotionnelles ciblant leurs centres d\u2019int\u00e9r\u00eat.<\/p><p><strong>IV. L\u00e9gitimit\u00e9<\/strong><\/p><p>NATURA DIET est habilit\u00e9 \u00e0 traiter les donn\u00e9es en vertu de l\u2019ex\u00e9cution du contrat par lequel les utilisateurs acc\u00e8dent aux services propos\u00e9s sur le site Internet.<\/p><p>La communication des donn\u00e9es personnelles par l\u2019utilisateur \u00e0 NATURA DIET est un pr\u00e9requis n\u00e9cessaire \u00e0 la prestation des services propos\u00e9s sur le site Internet. L\u2019omission de ces informations emp\u00eachera donc NATURA DIET de r\u00e9aliser le service.<\/p><p>L\u2019utilisation des donn\u00e9es recueillies dans le but de proposer une offre de produits et\/ou de services \u00e0l\u2019utilisateur repose sur le consentement exprim\u00e9 par l\u2019int\u00e9ress\u00e9, sans que, en aucun cas, le retrait dudit consentement ne conditionne l\u2019ex\u00e9cution du contrat de prestation de services.<\/p><p><strong>V. Destinataires<\/strong><\/p><p>Nous vous informons que vos donn\u00e9es ne seront ni c\u00e9d\u00e9es ni communiqu\u00e9es \u00e0 des entreprises ext\u00e9rieures.<\/p><p><strong>VI. Caract\u00e8re obligatoire ou facultatif des informations fournies par l\u2019utilisateur et exactitude des donn\u00e9es<\/strong><\/p><p>L\u2019utilisateur atteste que les donn\u00e9es personnelles fournies sont exactes et il est de sa responsabilit\u00e9 de communiquer \u00e0 NATURA DIET toute modification des donn\u00e9es en question. L\u2019utilisateur r\u00e9pondra en tous les cas de l\u2019exactitude des donn\u00e9es fournies, NATURA DIET se r\u00e9servant le droit d\u2019exclure des services enregistr\u00e9s tout utilisateur qui aurait fourni des donn\u00e9es erron\u00e9es, sans pr\u00e9judice des actions l\u00e9gales envisageables.<\/p><p><strong>VII. Pratiques interdites<\/strong><\/p><p>NATURA DIET annulera l\u2019inscription des utilisateurs qui :(i) utilisent ou font la promotion de contenus illicites, immoraux, obsc\u00e8nes ou nocifs; (ii) font la promotion de n\u2019importe quelle forme de discrimination; (iii) envoient des messages en masse, des courriers ind\u00e9sirables ou des spams ainsi que des communications de type \u00abnewsgroup\u00bb non sollicit\u00e9es; (iv) violent les lois de propri\u00e9t\u00e9 intellectuelle ou industrielle de tiers. De m\u00eame, l\u2019utilisateur s\u2019engage \u00e0 s\u2019abstenir d\u2019utiliser et de recueillir des donn\u00e9es \u00e0 partir de listes de diffusion auxquelles il peut acc\u00e9der via les informations et services contenus sur le site Internet et destin\u00e9s \u00e0 la r\u00e9alisation d\u2019activit\u00e9s \u00e0 des fins promotionnelles ou publicitaires, ainsi que d\u2019envoyer des messages commerciaux de quelque type et sur quelque support que ce soit si ceux-ci n\u2019ont pas \u00e9t\u00e9 demand\u00e9s ni autoris\u00e9s auparavant par NATURA DIET et\/ou par les utilisateurs du site Internet.<\/p><p><strong>VIII. ACCEPTATION DE LA POLITIQUE DE CONFIDENTIALIT\u00c9 DE NATURA DIET ET L\u00c9GITIMIT\u00c9<\/strong><\/p><p>L\u2019utilisateur accepte express\u00e9ment la pr\u00e9sente politique de confidentialit\u00e9 et donne son consentement expr\u00e8s au traitement automatis\u00e9 des donn\u00e9es personnelles qu\u2019il aura fournies.<\/p><p>NATURA DIET est habilit\u00e9 \u00e0 traiter les donn\u00e9es personnelles de ses utilisateurs sur la base juridique du consentement non \u00e9quivoque fourni par l\u2019int\u00e9ress\u00e9.<\/p><p>Cependant, l\u2019utilisateur peut retirer son consentement lors de chaque message commercial ou publicitaire qui lui parvient et \u00e0 tout moment par notification \u00e0 l\u2019adresse email suivante :info@dingonatura.com, ou par courrier adress\u00e9 \u00e0 : Calle de la Electr\u00f3nica, 16 Pol\u00edgono la Ferrer\u00eda, 08110 Montcada i Reixac, Barcelone, Espagne.<\/p><p>IV. Droits d\u2019acc\u00e8s, de rectification, d\u2019annulation et d\u2019opposition (droits arao)<\/p><p>Nous vous informons que les droits d\u2019acc\u00e8s, de rectification, d\u2019annulation et d\u2019opposition sont personnels et ne peuvent \u00eatre exerc\u00e9s que par l\u2019utilisateur concern\u00e9, conform\u00e9ment \u00e0 la loi de protection des donn\u00e9es personnelles.<\/p><p>Dans certaines circonstances, les utilisateurs peuvent demander la limitation du traitement de leurs donn\u00e9es, auquel cas elles seront conserv\u00e9es uniquement pour l\u2019exercice de droits ou la d\u00e9fense en cas de besoin.<\/p><p>L\u2019utilisateur pourra exercer de mani\u00e8re gratuite et \u00e0 tout moment ses droits d\u2019acc\u00e8s, de rectification, d\u2019annulation et d\u2019opposition au traitement de ses donn\u00e9es personnelles en \u00e9crivant \u00e0 l\u2019adresse email : info@dingonatura.com, ou par courrier adress\u00e9 \u00e0 : Calle de la Electr\u00f3nica, 16 Pol\u00edgono la Ferrer\u00eda, 08110 Montcada i Reixac, Barcelone, Espagne. Le message envoy\u00e9 \u00e0 NATURA DIET devra contenir les informations suivantes :nom et pr\u00e9nom, adresse \u00e0 utiliser pour la correspondance, photocopie de carte d\u2019identit\u00e9 ou de passeport et mention concr\u00e8te du droit que vous souhaitez exercer.<\/p><p>Les utilisateurs peuvent \u00e0 tout moment retirer le consentement donn\u00e9 pour l\u2019utilisation de leurs donn\u00e9es dans le cadre de l\u2019envoi de newsletters ou d\u2019informations commerciales.<\/p><p>Sans pr\u00e9judice de tout autre recours administratif ou action l\u00e9gale envisageable, les utilisateurs ont le droit de pr\u00e9senter une r\u00e9clamation devant un organisme de contr\u00f4le, en particulier dans l\u2019\u00c9tat membre o\u00f9 se trouve leur r\u00e9sidence habituelle, leur lieu de travail ou le lieu de l\u2019infraction suppos\u00e9e, dans le cas o\u00f9 ils consid\u00e8rent que le traitement de leurs donn\u00e9es personnelles ne respecte pas la loi en vigueur ainsi que dans le cas o\u00f9 l\u2019exercice de leurs droits n\u2019est pas satisfait. L\u2019organisme de contr\u00f4le devant lequel la r\u00e9clamation a \u00e9t\u00e9 d\u00e9pos\u00e9e informera le plaignant de l\u2019avanc\u00e9e et du r\u00e9sultat de sa r\u00e9clamation.<\/p><p>V. Exactitude et qualit\u00e9 des donn\u00e9es fournies par les utilisateurs<\/p><p>L\u2019utilisateur atteste que les donn\u00e9es personnelles fournies sont exactes et il est de sa responsabilit\u00e9 de communiquer \u00e0 NATURA DIET toute modification des donn\u00e9es en question. L\u2019utilisateur r\u00e9pondra en tous les cas de l\u2019exactitude des donn\u00e9es fournies, NATURA DIET se r\u00e9servant le droit d\u2019exclure des services enregistr\u00e9s tout utilisateur qui aurait fourni des donn\u00e9es erron\u00e9es, sans pr\u00e9judice des actions l\u00e9gales envisageables.<\/p><p>VI. Mesures de s\u00e9curit\u00e9 mises en place par dingonatura<\/p><p>NATURA DIET met en place toutes les mesures d\u2019ordre technique ou organisationnel n\u00e9cessaires pour garantir la s\u00e9curit\u00e9 de vos donn\u00e9es et \u00e9viter leur alt\u00e9ration, leur perte, un traitement ou un acc\u00e8s non autoris\u00e9, en tenant compte des avanc\u00e9es de la technologie, de la nature des donn\u00e9es stock\u00e9es et des risques auxquelles elles sont expos\u00e9es, conform\u00e9ment aux dispositions de la loi sur la protection des donn\u00e9es personnelles.<\/p><p>NATURA DIET s\u2019engage \u00e0 respecter le devoir de secret et de confidentialit\u00e9 aff\u00e9rant aux donn\u00e9es personnelles contenues dans le fichier automatis\u00e9 conform\u00e9ment \u00e0 la l\u00e9gislation en vigueur, ainsi qu\u2019\u00e0 les traiter de mani\u00e8re s\u00e9curis\u00e9e.<\/p><p>VII. Modifications ou changements<\/p><p>NATURA DIET se r\u00e9serve le droit de revoir sa politique de confidentialit\u00e9 lorsqu\u2019il le juge opportun. Cette r\u00e9vision sera communiqu\u00e9e aux utilisateurs. Cependant, nous vous prions de v\u00e9rifier r\u00e9guli\u00e8rement la pr\u00e9sente d\u00e9claration de confidentialit\u00e9 pour prendre connaissance de la version la plus r\u00e9cente de la politique de confidentialit\u00e9 de NATURA DIET.<\/p><p>VIII. Consentement \u00e9clair\u00e9<\/p><p>L\u2019utilisateur d\u00e9clare avoir \u00e9t\u00e9 inform\u00e9 des conditions relatives \u00e0 la protection de ses donn\u00e9es personnelles; il accepte et consent au traitement de celles-ci par NATURA DIET, de la mani\u00e8re et pour les objectifs indiqu\u00e9s dans la pr\u00e9sente politique de confidentialit\u00e9.<\/p>","protected":false},"excerpt":{"rendered":"<p>I. Pr\u00e9sentation et droit \u00e0 l\u2019information DINGONATURAS.L. (ci-apr\u00e8s d\u00e9nomm\u00e9 \u00abNATURA DIET\u00bb), dont le si\u00e8ge social se situe \u00e0 Calle de la Electr\u00f3nica, 16 Pol\u00edgono la Ferrer\u00eda, 08110 Montcada i Reixac, Barcelone, Espagne et dont le num\u00e9ro d\u2019identification fiscale est le B-62546791, atteste respecter la loi de protection des donn\u00e9es personnelles et mettre en place tous [&hellip;]<\/p>\n","protected":false},"author":1,"featured_media":0,"parent":0,"menu_order":0,"comment_status":"closed","ping_status":"closed","template":"","meta":{"_acf_changed":false,"footnotes":""},"class_list":["post-257785","page","type-page","status-publish","hentry"],"acf":[],"yoast_head":"<!-- This site is optimized with the Yoast SEO plugin v23.7 - https:\/\/yoast.com\/wordpress\/plugins\/seo\/ -->\n<title>Politique de Confidentialit\u00e8 - Natura Diet<\/title>\n<meta name=\"description\" content=\"La protecci\u00f3n de la privacidad y los datos personales de los usuarios es muy importante para Natura Diet.\" \/>\n<meta name=\"robots\" content=\"noindex, follow\" \/>\n<meta property=\"og:locale\" content=\"fr_FR\" \/>\n<meta property=\"og:type\" content=\"article\" \/>\n<meta property=\"og:title\" content=\"Politique de Confidentialit\u00e8 - Natura Diet\" \/>\n<meta property=\"og:description\" content=\"La protecci\u00f3n de la privacidad y los datos personales de los usuarios es muy importante para Natura Diet.\" \/>\n<meta property=\"og:url\" content=\"https:\/\/www.naturadiet.com\/fr\/politique-de-confidentialite\/\" \/>\n<meta property=\"og:site_name\" content=\"Natura Diet\" \/>\n<meta property=\"article:modified_time\" content=\"2024-10-28T11:09:03+00:00\" \/>\n<meta name=\"twitter:card\" content=\"summary_large_image\" \/>\n<meta name=\"twitter:label1\" content=\"Dur\u00e9e de lecture estim\u00e9e\" \/>\n\t<meta name=\"twitter:data1\" content=\"8 minutes\" \/>\n<script type=\"application\/ld+json\" class=\"yoast-schema-graph\">{\"@context\":\"https:\/\/schema.org\",\"@graph\":[{\"@type\":\"WebPage\",\"@id\":\"https:\/\/www.naturadiet.com\/fr\/politique-de-confidentialite\/\",\"url\":\"https:\/\/www.naturadiet.com\/fr\/politique-de-confidentialite\/\",\"name\":\"Politique de Confidentialit\u00e8 - Natura Diet\",\"isPartOf\":{\"@id\":\"https:\/\/www.naturadiet.com\/fr\/#website\"},\"datePublished\":\"2023-11-06T08:18:27+00:00\",\"dateModified\":\"2024-10-28T11:09:03+00:00\",\"description\":\"La protecci\u00f3n de la privacidad y los datos personales de los usuarios es muy importante para Natura Diet.\",\"breadcrumb\":{\"@id\":\"https:\/\/www.naturadiet.com\/fr\/politique-de-confidentialite\/#breadcrumb\"},\"inLanguage\":\"fr-FR\",\"potentialAction\":[{\"@type\":\"ReadAction\",\"target\":[\"https:\/\/www.naturadiet.com\/fr\/politique-de-confidentialite\/\"]}]},{\"@type\":\"BreadcrumbList\",\"@id\":\"https:\/\/www.naturadiet.com\/fr\/politique-de-confidentialite\/#breadcrumb\",\"itemListElement\":[{\"@type\":\"ListItem\",\"position\":1,\"name\":\"Portada\",\"item\":\"https:\/\/www.naturadiet.com\/fr\/\"},{\"@type\":\"ListItem\",\"position\":2,\"name\":\"Politique de Confidentialit\u00e8\"}]},{\"@type\":\"WebSite\",\"@id\":\"https:\/\/www.naturadiet.com\/fr\/#website\",\"url\":\"https:\/\/www.naturadiet.com\/fr\/\",\"name\":\"Natura Diet\",\"description\":\"Naturales desde 2001\",\"potentialAction\":[{\"@type\":\"SearchAction\",\"target\":{\"@type\":\"EntryPoint\",\"urlTemplate\":\"https:\/\/www.naturadiet.com\/fr\/?s={search_term_string}\"},\"query-input\":{\"@type\":\"PropertyValueSpecification\",\"valueRequired\":true,\"valueName\":\"search_term_string\"}}],\"inLanguage\":\"fr-FR\"}]}<\/script>\n<!-- \/ Yoast SEO plugin. -->","yoast_head_json":{"title":"Politique de Confidentialit\u00e8 - Natura Diet","description":"La protecci\u00f3n de la privacidad y los datos personales de los usuarios es muy importante para Natura Diet.","robots":{"index":"noindex","follow":"follow"},"og_locale":"fr_FR","og_type":"article","og_title":"Politique de Confidentialit\u00e8 - Natura Diet","og_description":"La protecci\u00f3n de la privacidad y los datos personales de los usuarios es muy importante para Natura Diet.","og_url":"https:\/\/www.naturadiet.com\/fr\/politique-de-confidentialite\/","og_site_name":"Natura Diet","article_modified_time":"2024-10-28T11:09:03+00:00","twitter_card":"summary_large_image","twitter_misc":{"Dur\u00e9e de lecture estim\u00e9e":"8 minutes"},"schema":{"@context":"https:\/\/schema.org","@graph":[{"@type":"WebPage","@id":"https:\/\/www.naturadiet.com\/fr\/politique-de-confidentialite\/","url":"https:\/\/www.naturadiet.com\/fr\/politique-de-confidentialite\/","name":"Politique de Confidentialit\u00e8 - Natura Diet","isPartOf":{"@id":"https:\/\/www.naturadiet.com\/fr\/#website"},"datePublished":"2023-11-06T08:18:27+00:00","dateModified":"2024-10-28T11:09:03+00:00","description":"La protecci\u00f3n de la privacidad y los datos personales de los usuarios es muy importante para Natura Diet.","breadcrumb":{"@id":"https:\/\/www.naturadiet.com\/fr\/politique-de-confidentialite\/#breadcrumb"},"inLanguage":"fr-FR","potentialAction":[{"@type":"ReadAction","target":["https:\/\/www.naturadiet.com\/fr\/politique-de-confidentialite\/"]}]},{"@type":"BreadcrumbList","@id":"https:\/\/www.naturadiet.com\/fr\/politique-de-confidentialite\/#breadcrumb","itemListElement":[{"@type":"ListItem","position":1,"name":"Portada","item":"https:\/\/www.naturadiet.com\/fr\/"},{"@type":"ListItem","position":2,"name":"Politique de Confidentialit\u00e8"}]},{"@type":"WebSite","@id":"https:\/\/www.naturadiet.com\/fr\/#website","url":"https:\/\/www.naturadiet.com\/fr\/","name":"Natura Diet","description":"Naturales desde 2001","potentialAction":[{"@type":"SearchAction","target":{"@type":"EntryPoint","urlTemplate":"https:\/\/www.naturadiet.com\/fr\/?s={search_term_string}"},"query-input":{"@type":"PropertyValueSpecification","valueRequired":true,"valueName":"search_term_string"}}],"inLanguage":"fr-FR"}]}},"_links":{"self":[{"href":"https:\/\/www.naturadiet.com\/fr\/wp-json\/wp\/v2\/pages\/257785","targetHints":{"allow":["GET"]}}],"collection":[{"href":"https:\/\/www.naturadiet.com\/fr\/wp-json\/wp\/v2\/pages"}],"about":[{"href":"https:\/\/www.naturadiet.com\/fr\/wp-json\/wp\/v2\/types\/page"}],"author":[{"embeddable":true,"href":"https:\/\/www.naturadiet.com\/fr\/wp-json\/wp\/v2\/users\/1"}],"replies":[{"embeddable":true,"href":"https:\/\/www.naturadiet.com\/fr\/wp-json\/wp\/v2\/comments?post=257785"}],"version-history":[{"count":5,"href":"https:\/\/www.naturadiet.com\/fr\/wp-json\/wp\/v2\/pages\/257785\/revisions"}],"predecessor-version":[{"id":258297,"href":"https:\/\/www.naturadiet.com\/fr\/wp-json\/wp\/v2\/pages\/257785\/revisions\/258297"}],"wp:attachment":[{"href":"https:\/\/www.naturadiet.com\/fr\/wp-json\/wp\/v2\/media?parent=257785"}],"curies":[{"name":"wp","href":"https:\/\/api.w.org\/{rel}","templated":true}]}}