{"id":257768,"date":"2024-10-01T13:53:34","date_gmt":"2024-10-01T11:53:34","guid":{"rendered":"https:\/\/www.naturadiet.com\/aviso-legal\/"},"modified":"2024-10-28T12:06:08","modified_gmt":"2024-10-28T11:06:08","slug":"aviso-legal","status":"publish","type":"page","link":"https:\/\/www.naturadiet.com\/fr\/mentions-legales\/","title":{"rendered":"Mentions Legales"},"content":{"rendered":"<p>Les pr\u00e9sentes mentions l\u00e9gales \u00e9tablissent les conditions d\u2019acc\u00e8s, de navigation et d\u2019utilisation du site Internet www.dingonatura.com (ci-apr\u00e8s d\u00e9nomm\u00e9 \u00able site Internet\u00bb).<\/p><p><strong>Droit \u00e0 l\u2019information<\/strong><\/p><p>Conform\u00e9ment \u00e0 l\u2019obligation d\u2019information, nous vous informons que le site Internet appartient \u00e0 l\u2019entreprise DINGONATURA, S.L. (ci-apr\u00e8s d\u00e9nomm\u00e9e \u00abNATURA DIET\u00bb), soci\u00e9t\u00e9 commerciale constitu\u00e9e selon les dispositions de la loi espagnole, dont le code d\u2019identification fiscale est le 62546791, dont le si\u00e8ge social se situe \u00e0 en Calle de la Electr\u00f3nica, 16 Pol\u00edgono la Ferrer\u00eda, 08110 Montcada i Reixac, Barcelone, Espagne, et inscrite au Registre du Commerce et des Soci\u00e9t\u00e9s de Barcelone, Tome 33566, Feuillet 182, Section des Soci\u00e9t\u00e9s en Nom Collectif, Page B2230460.<\/p><p>Vous pouvez nous contacter en utilisant l\u2019adresse email suivante: info@dingonatura.com<\/p><p><strong>Utilisateurs<\/strong><\/p><p>Le fait d\u2019acc\u00e9der et\/ou d\u2019utiliser le site Internet fait de vous un utilisateur et vaut acceptationdes pr\u00e9sentes mentions l\u00e9gales \u00e0 partir de cet acc\u00e8s et\/ou de cette utilisation.<\/p><p><strong>III. Utilisation du site internet<\/strong><\/p><p>Le site Internet donne acc\u00e8s \u00e0 une multitude de textes, graphiques, dessins, visuels, codes, logiciels, photos, musiques, vid\u00e9os, sons, bases de donn\u00e9es, images, expressions et informations (ci-apr\u00e8s d\u00e9nomm\u00e9s \u00ab\u2009contenus\u2009\u00bb) qui appartiennent \u00e0 NATURA DIET ou \u00e0 des tiers et auxquels l\u2019utilisateur peut avoir acc\u00e8s.<\/p><p>L\u2019utilisateur assume la responsabilit\u00e9 de l\u2019utilisation du site Internet. Cette responsabilit\u00e9 englobe l\u2019inscription qui, le cas \u00e9ch\u00e9ant, peut \u00eatre n\u00e9cessaire pour acc\u00e9der \u00e0 des contenus ou \u00e0 des services propos\u00e9s par le site Internet.<\/p><p>L\u2019utilisateur s\u2019engage \u00e0 utiliser de mani\u00e8re ad\u00e9quate les contenus et services propos\u00e9s par le site Internet et s\u2019engage \u00e0 ne pas (liste non exhaustive) :<\/p><p>S\u2019inscrire ou communiquer des donn\u00e9es qui ne soient pas exactes, compl\u00e8tes et\/ou \u00e0 jour, ni \u00e0 acc\u00e9der au site Internet en utilisant le nom, les \u00e9l\u00e9ments d\u2019identification ou le mot de passe d\u2019un autre utilisateur ou \u00e0 usurper l\u2019identit\u00e9 d\u2019une tierce personne.<br>Utiliser le site Internet \u00e0 des fins frauduleuses ou li\u00e9es \u00e0 des infractions p\u00e9nales ou des activit\u00e9s illicites de quelque nature que ce soit.<br>Cr\u00e9er un profil ou utiliser le site Internet pour envoyer, utiliser ou r\u00e9utiliser du mat\u00e9riel ou des \u00e9l\u00e9ments contenant des informations ill\u00e9gales, offensantes, pornographiques, abusives, ind\u00e9centes, diffamatoires, obsc\u00e8nes ou mena\u00e7antes de quelque nature que ce soit, ou entra\u00eenant une violation des droits d\u2019auteurs, des marques d\u00e9pos\u00e9es ou de la confidentialit\u00e9, de la vie priv\u00e9e ou de tout autre droit, ou \u00e9tant de toute autre mani\u00e8re injurieuse ou censurable par des tiers, ou contenant des virus informatiques, de la propagande politique, du contenu publicitaire, des cha\u00eenes de courrier, des envois massifs de messages ou tout autre type de \u00ab\u2009spam\u2009\u00bb, et plus g\u00e9n\u00e9ralement, tout type de d\u00e9rangement ou d\u2019intrusion inutile.<br>T\u00e9l\u00e9charger, envoyer ou distribuer de toute autre mani\u00e8re des contenus ou des applications qui pourraient violer la l\u00e9gislation en vigueur ou qui entra\u00eenent la violation des droits d\u2019un tiers.<br>NATURA DIET se r\u00e9serve le droit d\u2019enqu\u00eater et de d\u00e9noncer les comportements mentionn\u00e9s ci-dessus conform\u00e9ment \u00e0 la loi, ainsi que de collaborer avec les autorit\u00e9s lors des enqu\u00eates sur lesdits comportements.<\/p><p>NATURA DIET se r\u00e9serve le droit de refuser toute tentative d\u2019acc\u00e8s au site Internet, de supprimer des comptes, de supprimer ou de modifier des contenus ou d\u2019annuler la prestation de services dans les cas d\u2019utilisation non appropri\u00e9e du site Internet.<\/p><p><strong>Propri\u00e9t\u00e9 intellectuelle<\/strong><\/p><p>Tous les droits de propri\u00e9t\u00e9 intellectuelle du contenu de ce site Internet et de son design graphique sont la propri\u00e9t\u00e9 exclusive de NATURA DIET, \u00e0 qui revient l\u2019exercice exclusif des droits d\u2019exploitation de ces derniers.<\/p><p>Par cons\u00e9quent, en vertu des dispositions du d\u00e9cret royal l\u00e9gislatif 1\/1996 du 12 avril, par lequel a \u00e9t\u00e9 approuv\u00e9 le texte remani\u00e9 de la loi sur la propri\u00e9t\u00e9 intellectuelle, ainsi que des dispositions de la loi 17\/2001 du 7 d\u00e9cembre portant sur les marques et la l\u00e9gislation compl\u00e9mentaire en mati\u00e8re de propri\u00e9t\u00e9 intellectuelle et industrielle, toute reproduction, transmission, adaptation, traduction, distribution, communication publique, y compris dans ses modalit\u00e9s de mise \u00e0 disposition, ou tout autre exploitation et\/ou modification totale ou partielle du contenu figurant sur le site Internet est interdite sans l\u2019autorisation expresse de NATURA DIET.<\/p><p>NATURA DIET ne conc\u00e8de aucune licence ni autorisation d\u2019utilisation d\u2019aucune sorte quant \u00e0 ses droits de propri\u00e9t\u00e9 intellectuelle et industrielle ni quant \u00e0 aucune autre propri\u00e9t\u00e9 ni aucun autre droit li\u00e9 au site Internet, aux services et aux contenus de celui-ci.<\/p><p><strong>Responsabilit\u00e9 et garanties<\/strong><\/p><p>5.1 Informations disponibles sur le site Internet<\/p><p>Les informations fournies par NATURA DIET sur son site Internet doivent \u00eatre consid\u00e9r\u00e9es par l\u2019utilisateur comme informatives, il ne s\u2019agit pas d\u2019\u00e9l\u00e9ments d\u00e9terminants lors d\u2019une prise de d\u00e9cision et le site d\u00e9cline donc toute responsabilit\u00e9 concernant l\u2019utilisation des informations fournies.<\/p><p>Les informations figurant sur le site Internet sont les informations en vigueur \u00e0 la date de sa derni\u00e8re mise \u00e0 jour. NATURA DIET se r\u00e9serve le droit d\u2019actualiser, de modifier ou de supprimer les informations figurant sur le site Internet, ainsi que de limiter ou de ne plus permettre l\u2019acc\u00e8s aux informations concern\u00e9es sans avis pr\u00e9alable. NATURA DIET se r\u00e9serve notamment le droit de supprimer, de limiter ou d\u2019emp\u00eacher l\u2019acc\u00e8s au site Internet en cas de probl\u00e8mes techniques dus \u00e0 des \u00e9v\u00e8nements ou des circonstances ext\u00e9rieures\u00e0 NATURA DIET et qui, selon ses crit\u00e8res, affaiblissent ou annulent les mesures de s\u00e9curit\u00e9 standard mises en place pour le bon fonctionnement du site Internet.<\/p><p>NATURA DIET se d\u00e9gage de toute responsabilit\u00e9 concernant l\u2019utilisation des contenus et services du site Internet par les utilisateurs. Par cons\u00e9quent, NATURA DIET ne peut garantir que l\u2019utilisation des contenus et services du site Internet par les utilisateurs soit conforme aux pr\u00e9sentes mentions l\u00e9gales ni qu\u2019elle soit appropri\u00e9e.<\/p><p>5.2 Mesures de s\u00e9curit\u00e9<\/p><p>NATURA DIET d\u00e9clare avoir mis en place, dans la mesure de ses moyens et de l\u2019avanc\u00e9e actuelle de la technologie, les mesures n\u00e9cessaires au fonctionnement correct de son site Internet ainsi qu\u2019\u00e0 l\u2019absence de virus et d\u2019\u00e9l\u00e9ments dangereux. Cependant, NATURA DIET n\u2019est en aucun cas responsable :(i) de la continuit\u00e9 et de la disponibilit\u00e9 des contenus et services\u2009; (ii) de l\u2019absence d\u2019erreurs dans lesdits contenus et de la correction de tout d\u00e9faut qui pourrait survenir\u2009; (iii) de l\u2019absence de virus et\/ou d\u2019autres \u00e9l\u00e9ments dangereux\u2009; (iv) des dommages ou probl\u00e8mes caus\u00e9s par une personne attaquant les syst\u00e8mes de s\u00e9curit\u00e9 de NATURA DIET.<\/p><p>5.3 Arr\u00eat provisoire des services<\/p><p>NATURA DIET se r\u00e9serve le droit de suspendre temporairement et sans avis pr\u00e9alable l\u2019acc\u00e8s au site Internet en cas d\u2019op\u00e9rations de maintenance, de r\u00e9paration, de mise \u00e0 jour ou d\u2019am\u00e9lioration. Cependant, lorsque les circonstances le permettront, NATURA DIET communiquera suffisamment en avance la date pr\u00e9vue pour la suspension des services \u00e0 l\u2019utilisateur.<\/p><p>5.4 Liens hypertexte<\/p><p>NATURA DIET se d\u00e9gage de toute responsabilit\u00e9 concernant les liens vers d\u2019autres pages Internet qui se trouvent sur son site Internet et qui peuvent mener l\u2019utilisateur sur d\u2019autres sites Internet sur lesquels NATURA DIET n\u2019exerce aucun contr\u00f4le que ce soit. L\u2019utilisateur est donc enti\u00e8rement responsable de l\u2019acc\u00e8s au contenu de ces sites et du respect des conditions d\u2019utilisation qui les r\u00e9gissent.<\/p><p><strong>DUR\u00c9E DE VALIDIT\u00c9 ET MODIFICATION<\/strong><\/p><p>Les conditions des pr\u00e9sentes mentions l\u00e9gales resteront en vigueur jusqu\u2019\u00e0 leur modification : les changements seront effectu\u00e9s par NATURA DIET et communiqu\u00e9s \u00e0 l\u2019utilisateur.<\/p><p>NATURA DIET pourra supprimer, ajouter ou modifier \u00e0 la fois les contenus et les services propos\u00e9s, ainsi que la forme sous laquelle ceux-ci sont organis\u00e9s ou pr\u00e9sent\u00e9s. Les conditions consid\u00e9r\u00e9es comme \u00ab\u2009en vigueur\u2009\u00bb sont celles qui figurent sur le site Internet au moment o\u00f9 l\u2019utilisateur y acc\u00e8de.<\/p><p>Nonobstant ce qui pr\u00e9c\u00e8de, NATURA DIET informera les clients des changements effectu\u00e9s sur les pr\u00e9sentes mentions l\u00e9gales ainsi que sur sa politique de confidentialit\u00e9.<\/p><p>L\u2019acc\u00e8s et\/ou l\u2019utilisation au site Web valent acceptation par l\u2019utilisateur des conditions des pr\u00e9sentes mentions l\u00e9gales et, le cas \u00e9ch\u00e9ant, des changements effectu\u00e9s sur ces derni\u00e8res.<\/p>","protected":false},"excerpt":{"rendered":"<p>Les pr\u00e9sentes mentions l\u00e9gales \u00e9tablissent les conditions d\u2019acc\u00e8s, de navigation et d\u2019utilisation du site Internet www.dingonatura.com (ci-apr\u00e8s d\u00e9nomm\u00e9 \u00able site Internet\u00bb). Droit \u00e0 l\u2019information Conform\u00e9ment \u00e0 l\u2019obligation d\u2019information, nous vous informons que le site Internet appartient \u00e0 l\u2019entreprise DINGONATURA, S.L. (ci-apr\u00e8s d\u00e9nomm\u00e9e \u00abNATURA DIET\u00bb), soci\u00e9t\u00e9 commerciale constitu\u00e9e selon les dispositions de la loi espagnole, dont [&hellip;]<\/p>\n","protected":false},"author":1,"featured_media":0,"parent":0,"menu_order":0,"comment_status":"closed","ping_status":"closed","template":"","meta":{"_acf_changed":false,"footnotes":""},"class_list":["post-257768","page","type-page","status-publish","hentry"],"acf":[],"yoast_head":"<!-- This site is optimized with the Yoast SEO plugin v23.7 - https:\/\/yoast.com\/wordpress\/plugins\/seo\/ -->\n<title>Mentions Legales - Natura Diet<\/title>\n<meta name=\"description\" content=\"El presente aviso legal regula el acceso, navegaci\u00f3n y uso del sitio web www.naturadiet.com.\" \/>\n<meta name=\"robots\" content=\"noindex, follow\" \/>\n<meta property=\"og:locale\" content=\"fr_FR\" \/>\n<meta property=\"og:type\" content=\"article\" \/>\n<meta property=\"og:title\" content=\"Mentions Legales - Natura Diet\" \/>\n<meta property=\"og:description\" content=\"El presente aviso legal regula el acceso, navegaci\u00f3n y uso del sitio web www.naturadiet.com.\" \/>\n<meta property=\"og:url\" content=\"https:\/\/www.naturadiet.com\/fr\/mentions-legales\/\" \/>\n<meta property=\"og:site_name\" content=\"Natura Diet\" \/>\n<meta property=\"article:modified_time\" content=\"2024-10-28T11:06:08+00:00\" \/>\n<meta name=\"twitter:card\" content=\"summary_large_image\" \/>\n<meta name=\"twitter:label1\" content=\"Dur\u00e9e de lecture estim\u00e9e\" \/>\n\t<meta name=\"twitter:data1\" content=\"6 minutes\" \/>\n<script type=\"application\/ld+json\" class=\"yoast-schema-graph\">{\"@context\":\"https:\/\/schema.org\",\"@graph\":[{\"@type\":\"WebPage\",\"@id\":\"https:\/\/www.naturadiet.com\/fr\/mentions-legales\/\",\"url\":\"https:\/\/www.naturadiet.com\/fr\/mentions-legales\/\",\"name\":\"Mentions Legales - Natura Diet\",\"isPartOf\":{\"@id\":\"https:\/\/www.naturadiet.com\/fr\/#website\"},\"datePublished\":\"2024-10-01T11:53:34+00:00\",\"dateModified\":\"2024-10-28T11:06:08+00:00\",\"description\":\"El presente aviso legal regula el acceso, navegaci\u00f3n y uso del sitio web www.naturadiet.com.\",\"breadcrumb\":{\"@id\":\"https:\/\/www.naturadiet.com\/fr\/mentions-legales\/#breadcrumb\"},\"inLanguage\":\"fr-FR\",\"potentialAction\":[{\"@type\":\"ReadAction\",\"target\":[\"https:\/\/www.naturadiet.com\/fr\/mentions-legales\/\"]}]},{\"@type\":\"BreadcrumbList\",\"@id\":\"https:\/\/www.naturadiet.com\/fr\/mentions-legales\/#breadcrumb\",\"itemListElement\":[{\"@type\":\"ListItem\",\"position\":1,\"name\":\"Portada\",\"item\":\"https:\/\/www.naturadiet.com\/fr\/\"},{\"@type\":\"ListItem\",\"position\":2,\"name\":\"Mentions Legales\"}]},{\"@type\":\"WebSite\",\"@id\":\"https:\/\/www.naturadiet.com\/fr\/#website\",\"url\":\"https:\/\/www.naturadiet.com\/fr\/\",\"name\":\"Natura Diet\",\"description\":\"Naturales desde 2001\",\"potentialAction\":[{\"@type\":\"SearchAction\",\"target\":{\"@type\":\"EntryPoint\",\"urlTemplate\":\"https:\/\/www.naturadiet.com\/fr\/?s={search_term_string}\"},\"query-input\":{\"@type\":\"PropertyValueSpecification\",\"valueRequired\":true,\"valueName\":\"search_term_string\"}}],\"inLanguage\":\"fr-FR\"}]}<\/script>\n<!-- \/ Yoast SEO plugin. -->","yoast_head_json":{"title":"Mentions Legales - Natura Diet","description":"El presente aviso legal regula el acceso, navegaci\u00f3n y uso del sitio web www.naturadiet.com.","robots":{"index":"noindex","follow":"follow"},"og_locale":"fr_FR","og_type":"article","og_title":"Mentions Legales - Natura Diet","og_description":"El presente aviso legal regula el acceso, navegaci\u00f3n y uso del sitio web www.naturadiet.com.","og_url":"https:\/\/www.naturadiet.com\/fr\/mentions-legales\/","og_site_name":"Natura Diet","article_modified_time":"2024-10-28T11:06:08+00:00","twitter_card":"summary_large_image","twitter_misc":{"Dur\u00e9e de lecture estim\u00e9e":"6 minutes"},"schema":{"@context":"https:\/\/schema.org","@graph":[{"@type":"WebPage","@id":"https:\/\/www.naturadiet.com\/fr\/mentions-legales\/","url":"https:\/\/www.naturadiet.com\/fr\/mentions-legales\/","name":"Mentions Legales - Natura Diet","isPartOf":{"@id":"https:\/\/www.naturadiet.com\/fr\/#website"},"datePublished":"2024-10-01T11:53:34+00:00","dateModified":"2024-10-28T11:06:08+00:00","description":"El presente aviso legal regula el acceso, navegaci\u00f3n y uso del sitio web www.naturadiet.com.","breadcrumb":{"@id":"https:\/\/www.naturadiet.com\/fr\/mentions-legales\/#breadcrumb"},"inLanguage":"fr-FR","potentialAction":[{"@type":"ReadAction","target":["https:\/\/www.naturadiet.com\/fr\/mentions-legales\/"]}]},{"@type":"BreadcrumbList","@id":"https:\/\/www.naturadiet.com\/fr\/mentions-legales\/#breadcrumb","itemListElement":[{"@type":"ListItem","position":1,"name":"Portada","item":"https:\/\/www.naturadiet.com\/fr\/"},{"@type":"ListItem","position":2,"name":"Mentions Legales"}]},{"@type":"WebSite","@id":"https:\/\/www.naturadiet.com\/fr\/#website","url":"https:\/\/www.naturadiet.com\/fr\/","name":"Natura Diet","description":"Naturales desde 2001","potentialAction":[{"@type":"SearchAction","target":{"@type":"EntryPoint","urlTemplate":"https:\/\/www.naturadiet.com\/fr\/?s={search_term_string}"},"query-input":{"@type":"PropertyValueSpecification","valueRequired":true,"valueName":"search_term_string"}}],"inLanguage":"fr-FR"}]}},"_links":{"self":[{"href":"https:\/\/www.naturadiet.com\/fr\/wp-json\/wp\/v2\/pages\/257768","targetHints":{"allow":["GET"]}}],"collection":[{"href":"https:\/\/www.naturadiet.com\/fr\/wp-json\/wp\/v2\/pages"}],"about":[{"href":"https:\/\/www.naturadiet.com\/fr\/wp-json\/wp\/v2\/types\/page"}],"author":[{"embeddable":true,"href":"https:\/\/www.naturadiet.com\/fr\/wp-json\/wp\/v2\/users\/1"}],"replies":[{"embeddable":true,"href":"https:\/\/www.naturadiet.com\/fr\/wp-json\/wp\/v2\/comments?post=257768"}],"version-history":[{"count":5,"href":"https:\/\/www.naturadiet.com\/fr\/wp-json\/wp\/v2\/pages\/257768\/revisions"}],"predecessor-version":[{"id":258295,"href":"https:\/\/www.naturadiet.com\/fr\/wp-json\/wp\/v2\/pages\/257768\/revisions\/258295"}],"wp:attachment":[{"href":"https:\/\/www.naturadiet.com\/fr\/wp-json\/wp\/v2\/media?parent=257768"}],"curies":[{"name":"wp","href":"https:\/\/api.w.org\/{rel}","templated":true}]}}