{"id":257766,"date":"2024-10-01T13:54:11","date_gmt":"2024-10-01T11:54:11","guid":{"rendered":"https:\/\/www.naturadiet.com\/politica-de-cookies\/"},"modified":"2024-11-03T18:03:41","modified_gmt":"2024-11-03T17:03:41","slug":"politica-de-cookies","status":"publish","type":"page","link":"https:\/\/www.naturadiet.com\/fr\/politique-de-cookies\/","title":{"rendered":"Politique de Cookies"},"content":{"rendered":"<p>DINGONATURA S.L. (ci-apr\u00e8s d\u00e9nomm\u00e9 \u00abNATURA DIET\u00bb) vous informe via la pr\u00e9sente politique de cookies de l\u2019utilisation de dispositifs de stockage et de r\u00e9cup\u00e9ration de donn\u00e9es dans les \u00e9quipements terminaux des utilisateurs.<\/p><p><strong>Que sont les cookies?<\/strong><\/p><p>Les cookies sont des archives ou des fichiers qui se t\u00e9l\u00e9chargent sur l\u2019ordinateur\/le smartphone\/la tablette de l\u2019utilisateur lorsqu\u2019il acc\u00e8de \u00e0 certaines pages Internet et \u00e0 certaines applications. Ils permettent d\u2019enregistrer les pr\u00e9f\u00e9rences de navigation de l\u2019utilisateur, ce qui rend l\u2019interaction plus rapide et plus facile entre l\u2019utilisateur et le site Internet.<\/p><p>Les informations recueillies par les cookies sont anonymes et ne contiennent aucune information sensible puisqueceux-ci n\u2019enregistrent pas de donn\u00e9es qui peuvent servir \u00e0 identifier personnellement l\u2019utilisateur. Dans tous les cas, l\u2019utilisateur pourra configurer son navigateur de mani\u00e8re \u00e0 modifier et\/ou bloquer l\u2019installation de cookies envoy\u00e9s depuis le site Internet, sans que cela l\u2019emp\u00eache d\u2019acc\u00e9der aux contenus.<\/p><p><strong>Pourquoi NATURA DIET utilise-t-il des cookies?<\/strong><\/p><p>Le pr\u00e9sent site Internet utilise des cookies ou d\u2019autres dispositifs de stockage et de r\u00e9cup\u00e9ration d\u2019informations pour effectuer un suivi des interactions entre les utilisateurs et les services propos\u00e9s sur le site Internet.<\/p><p>Les cookies permettent de reconna\u00eetre le navigateur d\u2019un utilisateur ainsi que le type d\u2019appareil qu\u2019il utilise pour se connecter au site Internet. Ils sont utilis\u00e9s pour faciliter la prochaine visite de l\u2019utilisateur et rendre le site Internet plus utile.<\/p><p>Par exemple, NATURA DIET utilise les cookies pour s\u2019assurer que le site Internet fonctionne correctement et en savoir plus sur votre exp\u00e9rience de navigation, entre autres.<\/p><p>L\u2019utilisation des cookies permet donc \u00e0 NATURA DIET d\u2019optimiser la navigation de l\u2019utilisateur en adaptant les informations et les services propos\u00e9s \u00e0 ses centres d\u2019int\u00e9r\u00eat et \u00e0 ses pr\u00e9f\u00e9rences.<\/p><p><strong>III. Types de cookies utilis\u00e9s sur le site internet<\/strong><\/p><p>Le site Internet utilise les types de cookies suivants :<\/p><p>Cookies propres Ces cookies assurent le bon fonctionnement du site Internet, ils sont donc essentiels pour que l\u2019utilisateur puisse utiliser normalement toutes les options et fonctions du site Internet.<br>Cookies tiers Il s\u2019agit de cookies qui sont envoy\u00e9s sur l\u2019appareil de l\u2019utilisateur depuis un \u00e9quipement ou un domaine non g\u00e9r\u00e9 par NATURA DIET, mais par une autre entit\u00e9 qui traite les donn\u00e9es obtenues via les cookies.<br>Voici les cookies tiers utilis\u00e9s par NATURA DIET :<\/p><p>Cookies analytiques Ces cookies r\u00e9cup\u00e8rent des informations anonymes de mani\u00e8re standard concernant la navigation de l\u2019utilisateur et ses sch\u00e9mas de comportement.<br>Ils permettent de r\u00e9aliser le suivi et l\u2019analyse du comportement des utilisateurs sur le site Internet. Les informations recueillies via les cookies analytiques sont utilis\u00e9es pour \u00e9laborer des profils de navigation des utilisateurs du site Internet concern\u00e9 dans le but d\u2019am\u00e9liorer notre service.<\/p><p>Ce type de cookies sert principalement \u00e0 :<\/p><p>Permettre l\u2019identification anonyme des utilisateurs navigants et donc le comptage approximatif du nombre de visiteurs.<br>Identifier de mani\u00e8re anonyme les contenus les plus vus et donc les plus attrayants pour les utilisateurs.<br>Savoir si l\u2019utilisateur qui se connecte au site Internet y acc\u00e8de pour la premi\u00e8re fois ou s\u2019il s\u2019est d\u00e9j\u00e0 connect\u00e9.<br>Vous trouverez ci-dessous davantage d\u2019informations sur les cookies utilis\u00e9s sur le site Internet :<\/p><script id=\"CookieDeclaration\" data-culture=\"fr\" src=\"https:\/\/consent.cookiebot.com\/f5922e3d-8827-494f-815c-e3b682e355cb\/cd.js\" type=\"text\/javascript\" async><\/script><h6 class=\"wp-block-heading\">Comment d\u00e9sactiver les cookies?<\/h6><p><\/p><p>Dans tous les navigateurs, il est possible de modifier les param\u00e8tres pour d\u00e9sactiver la configuration des cookies. C\u2019est pourquoi la plupart des navigateurs offrent la possibilit\u00e9 de g\u00e9rer les cookies, de mani\u00e8re \u00e0 contr\u00f4ler plus pr\u00e9cis\u00e9ment vos donn\u00e9es priv\u00e9es.<\/p><p>Ces modifications s\u2019effectuent en g\u00e9n\u00e9ral dans les onglets \u00ab\u2009options\u2009\u00bb ou \u00ab\u2009pr\u00e9f\u00e9rences\u2009\u00bb du menu de votre navigateur.<\/p><p>Vous trouverez ci-dessous les liens de chaque navigateur pour d\u00e9sactiver les cookies en suivant les instructions :<\/p><p><strong>Cookies sur les appareils<\/strong><\/p><p>Le site Internet utilise \u00e9galement des cookies ou d\u2019autres dispositifs de stockage sur les appareils mobiles.<\/p><p>De m\u00eame que pour les navigateurs des ordinateurs, les navigateurs des appareils mobiles permettent de modifier les options ou d\u2019ajuster l\u2019acc\u00e8s \u00e0 vos donn\u00e9es priv\u00e9es pour d\u00e9sactiver ou \u00e9liminer les cookies.<\/p><p>Si vous souhaitez modifier les options de confidentialit\u00e9, suivez les instructions sp\u00e9cifiques fournies par le d\u00e9veloppeur du navigateur de votre appareil mobile.<\/p><p>Vous trouverez ci-dessous quelques exemples de liens qui vous permettront de modifier les options de confidentialit\u00e9 sur votre appareil mobile :<\/p><p><strong>Acceptation des cookies<\/strong><\/p><p>En poursuivant votre navigation, vous acceptez l\u2019utilisation des cookies par le site Internet.<\/p><p>Nous vous informons que si vous bloquez ou que vous refusez l\u2019installation de cookies, il est possible que certains services ne soient pas disponibles ou que vous ne puissiez pas acc\u00e9der \u00e0 certains services ni profiter pleinement de tout ce que propose le site Internet.<\/p><p>Pour plus d\u2019informations, nous vous invitons \u00e0 consulter le guide sur l\u2019utilisation des cookies de l\u2019Agence Espagnole de Protection des Donn\u00e9es.<\/p><p>info@dingonatura.com<\/p>","protected":false},"excerpt":{"rendered":"<p>DINGONATURA S.L. (ci-apr\u00e8s d\u00e9nomm\u00e9 \u00abNATURA DIET\u00bb) vous informe via la pr\u00e9sente politique de cookies de l\u2019utilisation de dispositifs de stockage et de r\u00e9cup\u00e9ration de donn\u00e9es dans les \u00e9quipements terminaux des utilisateurs. Que sont les cookies? Les cookies sont des archives ou des fichiers qui se t\u00e9l\u00e9chargent sur l\u2019ordinateur\/le smartphone\/la tablette de l\u2019utilisateur lorsqu\u2019il acc\u00e8de \u00e0 [&hellip;]<\/p>\n","protected":false},"author":4,"featured_media":0,"parent":0,"menu_order":0,"comment_status":"closed","ping_status":"closed","template":"","meta":{"_acf_changed":false,"footnotes":""},"class_list":["post-257766","page","type-page","status-publish","hentry"],"acf":[],"yoast_head":"<!-- This site is optimized with the Yoast SEO plugin v23.7 - https:\/\/yoast.com\/wordpress\/plugins\/seo\/ -->\n<title>Politique de Cookies - Natura Diet<\/title>\n<meta name=\"description\" content=\"Natura Diet utiliza las cookies para asegurar que el sitio beb funcione correctamente y conocer su experiencia de navegaci\u00f3n.\" \/>\n<meta name=\"robots\" content=\"noindex, follow\" \/>\n<meta property=\"og:locale\" content=\"fr_FR\" \/>\n<meta property=\"og:type\" content=\"article\" \/>\n<meta property=\"og:title\" content=\"Politique de Cookies - Natura Diet\" \/>\n<meta property=\"og:description\" content=\"Natura Diet utiliza las cookies para asegurar que el sitio beb funcione correctamente y conocer su experiencia de navegaci\u00f3n.\" \/>\n<meta property=\"og:url\" content=\"https:\/\/www.naturadiet.com\/fr\/politique-de-cookies\/\" \/>\n<meta property=\"og:site_name\" content=\"Natura Diet\" \/>\n<meta property=\"article:modified_time\" content=\"2024-11-03T17:03:41+00:00\" \/>\n<meta name=\"twitter:card\" content=\"summary_large_image\" \/>\n<meta name=\"twitter:label1\" content=\"Dur\u00e9e de lecture estim\u00e9e\" \/>\n\t<meta name=\"twitter:data1\" content=\"4 minutes\" \/>\n<script type=\"application\/ld+json\" class=\"yoast-schema-graph\">{\"@context\":\"https:\/\/schema.org\",\"@graph\":[{\"@type\":\"WebPage\",\"@id\":\"https:\/\/www.naturadiet.com\/fr\/politique-de-cookies\/\",\"url\":\"https:\/\/www.naturadiet.com\/fr\/politique-de-cookies\/\",\"name\":\"Politique de Cookies - Natura Diet\",\"isPartOf\":{\"@id\":\"https:\/\/www.naturadiet.com\/fr\/#website\"},\"datePublished\":\"2024-10-01T11:54:11+00:00\",\"dateModified\":\"2024-11-03T17:03:41+00:00\",\"description\":\"Natura Diet utiliza las cookies para asegurar que el sitio beb funcione correctamente y conocer su experiencia de navegaci\u00f3n.\",\"breadcrumb\":{\"@id\":\"https:\/\/www.naturadiet.com\/fr\/politique-de-cookies\/#breadcrumb\"},\"inLanguage\":\"fr-FR\",\"potentialAction\":[{\"@type\":\"ReadAction\",\"target\":[\"https:\/\/www.naturadiet.com\/fr\/politique-de-cookies\/\"]}]},{\"@type\":\"BreadcrumbList\",\"@id\":\"https:\/\/www.naturadiet.com\/fr\/politique-de-cookies\/#breadcrumb\",\"itemListElement\":[{\"@type\":\"ListItem\",\"position\":1,\"name\":\"Portada\",\"item\":\"https:\/\/www.naturadiet.com\/fr\/\"},{\"@type\":\"ListItem\",\"position\":2,\"name\":\"Politique de Cookies\"}]},{\"@type\":\"WebSite\",\"@id\":\"https:\/\/www.naturadiet.com\/fr\/#website\",\"url\":\"https:\/\/www.naturadiet.com\/fr\/\",\"name\":\"Natura Diet\",\"description\":\"Naturales desde 2001\",\"potentialAction\":[{\"@type\":\"SearchAction\",\"target\":{\"@type\":\"EntryPoint\",\"urlTemplate\":\"https:\/\/www.naturadiet.com\/fr\/?s={search_term_string}\"},\"query-input\":{\"@type\":\"PropertyValueSpecification\",\"valueRequired\":true,\"valueName\":\"search_term_string\"}}],\"inLanguage\":\"fr-FR\"}]}<\/script>\n<!-- \/ Yoast SEO plugin. -->","yoast_head_json":{"title":"Politique de Cookies - Natura Diet","description":"Natura Diet utiliza las cookies para asegurar que el sitio beb funcione correctamente y conocer su experiencia de navegaci\u00f3n.","robots":{"index":"noindex","follow":"follow"},"og_locale":"fr_FR","og_type":"article","og_title":"Politique de Cookies - Natura Diet","og_description":"Natura Diet utiliza las cookies para asegurar que el sitio beb funcione correctamente y conocer su experiencia de navegaci\u00f3n.","og_url":"https:\/\/www.naturadiet.com\/fr\/politique-de-cookies\/","og_site_name":"Natura Diet","article_modified_time":"2024-11-03T17:03:41+00:00","twitter_card":"summary_large_image","twitter_misc":{"Dur\u00e9e de lecture estim\u00e9e":"4 minutes"},"schema":{"@context":"https:\/\/schema.org","@graph":[{"@type":"WebPage","@id":"https:\/\/www.naturadiet.com\/fr\/politique-de-cookies\/","url":"https:\/\/www.naturadiet.com\/fr\/politique-de-cookies\/","name":"Politique de Cookies - Natura Diet","isPartOf":{"@id":"https:\/\/www.naturadiet.com\/fr\/#website"},"datePublished":"2024-10-01T11:54:11+00:00","dateModified":"2024-11-03T17:03:41+00:00","description":"Natura Diet utiliza las cookies para asegurar que el sitio beb funcione correctamente y conocer su experiencia de navegaci\u00f3n.","breadcrumb":{"@id":"https:\/\/www.naturadiet.com\/fr\/politique-de-cookies\/#breadcrumb"},"inLanguage":"fr-FR","potentialAction":[{"@type":"ReadAction","target":["https:\/\/www.naturadiet.com\/fr\/politique-de-cookies\/"]}]},{"@type":"BreadcrumbList","@id":"https:\/\/www.naturadiet.com\/fr\/politique-de-cookies\/#breadcrumb","itemListElement":[{"@type":"ListItem","position":1,"name":"Portada","item":"https:\/\/www.naturadiet.com\/fr\/"},{"@type":"ListItem","position":2,"name":"Politique de Cookies"}]},{"@type":"WebSite","@id":"https:\/\/www.naturadiet.com\/fr\/#website","url":"https:\/\/www.naturadiet.com\/fr\/","name":"Natura Diet","description":"Naturales desde 2001","potentialAction":[{"@type":"SearchAction","target":{"@type":"EntryPoint","urlTemplate":"https:\/\/www.naturadiet.com\/fr\/?s={search_term_string}"},"query-input":{"@type":"PropertyValueSpecification","valueRequired":true,"valueName":"search_term_string"}}],"inLanguage":"fr-FR"}]}},"_links":{"self":[{"href":"https:\/\/www.naturadiet.com\/fr\/wp-json\/wp\/v2\/pages\/257766","targetHints":{"allow":["GET"]}}],"collection":[{"href":"https:\/\/www.naturadiet.com\/fr\/wp-json\/wp\/v2\/pages"}],"about":[{"href":"https:\/\/www.naturadiet.com\/fr\/wp-json\/wp\/v2\/types\/page"}],"author":[{"embeddable":true,"href":"https:\/\/www.naturadiet.com\/fr\/wp-json\/wp\/v2\/users\/4"}],"replies":[{"embeddable":true,"href":"https:\/\/www.naturadiet.com\/fr\/wp-json\/wp\/v2\/comments?post=257766"}],"version-history":[{"count":7,"href":"https:\/\/www.naturadiet.com\/fr\/wp-json\/wp\/v2\/pages\/257766\/revisions"}],"predecessor-version":[{"id":258324,"href":"https:\/\/www.naturadiet.com\/fr\/wp-json\/wp\/v2\/pages\/257766\/revisions\/258324"}],"wp:attachment":[{"href":"https:\/\/www.naturadiet.com\/fr\/wp-json\/wp\/v2\/media?parent=257766"}],"curies":[{"name":"wp","href":"https:\/\/api.w.org\/{rel}","templated":true}]}}