{"id":257786,"date":"2023-11-06T09:18:27","date_gmt":"2023-11-06T08:18:27","guid":{"rendered":"https:\/\/www.naturadiet.com\/pagina-ejemplo\/"},"modified":"2025-12-30T11:23:05","modified_gmt":"2025-12-30T10:23:05","slug":"pagina-ejemplo","status":"publish","type":"page","link":"https:\/\/www.naturadiet.com\/en\/","title":{"rendered":"Home Page"},"content":{"rendered":"","protected":false},"excerpt":{"rendered":"","protected":false},"author":1,"featured_media":0,"parent":0,"menu_order":0,"comment_status":"closed","ping_status":"closed","template":"","meta":{"_acf_changed":false,"footnotes":""},"class_list":["post-257786","page","type-page","status-publish","hentry"],"acf":[],"yoast_head":"<!-- This site is optimized with the Yoast SEO plugin v23.7 - https:\/\/yoast.com\/wordpress\/plugins\/seo\/ -->\n<title>Natural food for dogs and cats. We are Natura Diet<\/title>\n<meta name=\"description\" content=\"Natura Diet es alimentaci\u00f3n de alta calidad con ingredientes naturales para animales de compa\u00f1\u00eda. Aplicamos la dieta mediterr\u00e1nea a la nutrici\u00f3n animal. \u00bfTe apuntas?\" \/>\n<meta name=\"robots\" content=\"index, follow, max-snippet:-1, max-image-preview:large, max-video-preview:-1\" \/>\n<link rel=\"canonical\" href=\"https:\/\/www.naturadiet.com\/en\/\" \/>\n<meta property=\"og:locale\" content=\"en_US\" \/>\n<meta property=\"og:type\" content=\"article\" \/>\n<meta property=\"og:title\" content=\"Natural food for dogs and cats. We are Natura Diet\" \/>\n<meta property=\"og:description\" content=\"Natura Diet es alimentaci\u00f3n de alta calidad con ingredientes naturales para animales de compa\u00f1\u00eda. Aplicamos la dieta mediterr\u00e1nea a la nutrici\u00f3n animal. \u00bfTe apuntas?\" \/>\n<meta property=\"og:url\" content=\"https:\/\/www.naturadiet.com\/en\/\" \/>\n<meta property=\"og:site_name\" content=\"Natura Diet\" \/>\n<meta property=\"article:modified_time\" content=\"2025-12-30T10:23:05+00:00\" \/>\n<meta name=\"twitter:card\" content=\"summary_large_image\" \/>\n<script type=\"application\/ld+json\" class=\"yoast-schema-graph\">{\"@context\":\"https:\/\/schema.org\",\"@graph\":[{\"@type\":\"WebPage\",\"@id\":\"https:\/\/www.naturadiet.com\/en\/\",\"url\":\"https:\/\/www.naturadiet.com\/en\/\",\"name\":\"Natural food for dogs and cats. We are Natura Diet\",\"isPartOf\":{\"@id\":\"https:\/\/www.naturadiet.com\/en\/#website\"},\"datePublished\":\"2023-11-06T08:18:27+00:00\",\"dateModified\":\"2025-12-30T10:23:05+00:00\",\"description\":\"Natura Diet es alimentaci\u00f3n de alta calidad con ingredientes naturales para animales de compa\u00f1\u00eda. Aplicamos la dieta mediterr\u00e1nea a la nutrici\u00f3n animal. \u00bfTe apuntas?\",\"breadcrumb\":{\"@id\":\"https:\/\/www.naturadiet.com\/en\/#breadcrumb\"},\"inLanguage\":\"en-US\",\"potentialAction\":[{\"@type\":\"ReadAction\",\"target\":[\"https:\/\/www.naturadiet.com\/en\/\"]}]},{\"@type\":\"BreadcrumbList\",\"@id\":\"https:\/\/www.naturadiet.com\/en\/#breadcrumb\",\"itemListElement\":[{\"@type\":\"ListItem\",\"position\":1,\"name\":\"Portada\",\"item\":\"https:\/\/www.naturadiet.com\/en\/\"},{\"@type\":\"ListItem\",\"position\":2,\"name\":\"Home Page\"}]},{\"@type\":\"WebSite\",\"@id\":\"https:\/\/www.naturadiet.com\/en\/#website\",\"url\":\"https:\/\/www.naturadiet.com\/en\/\",\"name\":\"Natura Diet\",\"description\":\"Naturales desde 2001\",\"potentialAction\":[{\"@type\":\"SearchAction\",\"target\":{\"@type\":\"EntryPoint\",\"urlTemplate\":\"https:\/\/www.naturadiet.com\/en\/?s={search_term_string}\"},\"query-input\":{\"@type\":\"PropertyValueSpecification\",\"valueRequired\":true,\"valueName\":\"search_term_string\"}}],\"inLanguage\":\"en-US\"}]}<\/script>\n<!-- \/ Yoast SEO plugin. -->","yoast_head_json":{"title":"Natural food for dogs and cats. We are Natura Diet","description":"Natura Diet es alimentaci\u00f3n de alta calidad con ingredientes naturales para animales de compa\u00f1\u00eda. Aplicamos la dieta mediterr\u00e1nea a la nutrici\u00f3n animal. \u00bfTe apuntas?","robots":{"index":"index","follow":"follow","max-snippet":"max-snippet:-1","max-image-preview":"max-image-preview:large","max-video-preview":"max-video-preview:-1"},"canonical":"https:\/\/www.naturadiet.com\/en\/","og_locale":"en_US","og_type":"article","og_title":"Natural food for dogs and cats. We are Natura Diet","og_description":"Natura Diet es alimentaci\u00f3n de alta calidad con ingredientes naturales para animales de compa\u00f1\u00eda. Aplicamos la dieta mediterr\u00e1nea a la nutrici\u00f3n animal. \u00bfTe apuntas?","og_url":"https:\/\/www.naturadiet.com\/en\/","og_site_name":"Natura Diet","article_modified_time":"2025-12-30T10:23:05+00:00","twitter_card":"summary_large_image","schema":{"@context":"https:\/\/schema.org","@graph":[{"@type":"WebPage","@id":"https:\/\/www.naturadiet.com\/en\/","url":"https:\/\/www.naturadiet.com\/en\/","name":"Natural food for dogs and cats. We are Natura Diet","isPartOf":{"@id":"https:\/\/www.naturadiet.com\/en\/#website"},"datePublished":"2023-11-06T08:18:27+00:00","dateModified":"2025-12-30T10:23:05+00:00","description":"Natura Diet es alimentaci\u00f3n de alta calidad con ingredientes naturales para animales de compa\u00f1\u00eda. Aplicamos la dieta mediterr\u00e1nea a la nutrici\u00f3n animal. \u00bfTe apuntas?","breadcrumb":{"@id":"https:\/\/www.naturadiet.com\/en\/#breadcrumb"},"inLanguage":"en-US","potentialAction":[{"@type":"ReadAction","target":["https:\/\/www.naturadiet.com\/en\/"]}]},{"@type":"BreadcrumbList","@id":"https:\/\/www.naturadiet.com\/en\/#breadcrumb","itemListElement":[{"@type":"ListItem","position":1,"name":"Portada","item":"https:\/\/www.naturadiet.com\/en\/"},{"@type":"ListItem","position":2,"name":"Home Page"}]},{"@type":"WebSite","@id":"https:\/\/www.naturadiet.com\/en\/#website","url":"https:\/\/www.naturadiet.com\/en\/","name":"Natura Diet","description":"Naturales desde 2001","potentialAction":[{"@type":"SearchAction","target":{"@type":"EntryPoint","urlTemplate":"https:\/\/www.naturadiet.com\/en\/?s={search_term_string}"},"query-input":{"@type":"PropertyValueSpecification","valueRequired":true,"valueName":"search_term_string"}}],"inLanguage":"en-US"}]}},"_links":{"self":[{"href":"https:\/\/www.naturadiet.com\/en\/wp-json\/wp\/v2\/pages\/257786","targetHints":{"allow":["GET"]}}],"collection":[{"href":"https:\/\/www.naturadiet.com\/en\/wp-json\/wp\/v2\/pages"}],"about":[{"href":"https:\/\/www.naturadiet.com\/en\/wp-json\/wp\/v2\/types\/page"}],"author":[{"embeddable":true,"href":"https:\/\/www.naturadiet.com\/en\/wp-json\/wp\/v2\/users\/1"}],"replies":[{"embeddable":true,"href":"https:\/\/www.naturadiet.com\/en\/wp-json\/wp\/v2\/comments?post=257786"}],"version-history":[{"count":13,"href":"https:\/\/www.naturadiet.com\/en\/wp-json\/wp\/v2\/pages\/257786\/revisions"}],"predecessor-version":[{"id":258620,"href":"https:\/\/www.naturadiet.com\/en\/wp-json\/wp\/v2\/pages\/257786\/revisions\/258620"}],"wp:attachment":[{"href":"https:\/\/www.naturadiet.com\/en\/wp-json\/wp\/v2\/media?parent=257786"}],"curies":[{"name":"wp","href":"https:\/\/api.w.org\/{rel}","templated":true}]}}